{"id":592,"date":"2017-02-10T10:17:33","date_gmt":"2017-02-10T10:17:33","guid":{"rendered":"http:\/\/www.zorutik.eus\/?page_id=592"},"modified":"2017-05-12T06:25:13","modified_gmt":"2017-05-12T06:25:13","slug":"hegoa-ugalde-villa","status":"publish","type":"page","link":"https:\/\/www.zorutik.eus\/es\/index.php\/hegoa-ugalde-villa\/","title":{"rendered":"Hegoa Ugalde Villa"},"content":{"rendered":"<p>[et_pb_section transparent_background=\u00bboff\u00bb background_color=\u00bb#f7f7f7&#8243; allow_player_pause=\u00bboff\u00bb inner_shadow=\u00bbon\u00bb parallax=\u00bboff\u00bb parallax_method=\u00bbon\u00bb padding_mobile=\u00bboff\u00bb make_fullwidth=\u00bboff\u00bb use_custom_width=\u00bboff\u00bb width_unit=\u00bboff\u00bb custom_width_px=\u00bb1080px\u00bb custom_width_percent=\u00bb80%\u00bb make_equal=\u00bboff\u00bb use_custom_gutter=\u00bboff\u00bb fullwidth=\u00bbon\u00bb specialty=\u00bboff\u00bb admin_label=\u00bbsection\u00bb disabled=\u00bboff\u00bb][et_pb_fullwidth_header title=\u00bbHEGOA UGALDE VILLA\u00bb subhead=\u00bbBilbao, 10 de Enero de 1983&#8243; background_layout=\u00bblight\u00bb text_orientation=\u00bbcenter\u00bb header_fullscreen=\u00bboff\u00bb header_scroll_down=\u00bboff\u00bb scroll_down_icon=\u00bb;\u00bb parallax=\u00bboff\u00bb parallax_method=\u00bboff\u00bb content_orientation=\u00bbcenter\u00bb image_orientation=\u00bbcenter\u00bb admin_label=\u00bbFullwidth Header\u00bb title_font_size=\u00bb30px\u00bb content_font_size=\u00bb14px\u00bb custom_button_one=\u00bboff\u00bb button_one_text_size=\u00bb20&#8243; button_one_letter_spacing=\u00bb0&#8243; button_one_use_icon=\u00bbdefault\u00bb button_one_icon_placement=\u00bbright\u00bb button_one_on_hover=\u00bbon\u00bb button_one_letter_spacing_hover=\u00bb0&#8243; custom_button_two=\u00bboff\u00bb button_two_text_size=\u00bb20&#8243; button_two_letter_spacing=\u00bb0&#8243; button_two_use_icon=\u00bbdefault\u00bb button_two_icon_placement=\u00bbright\u00bb button_two_on_hover=\u00bbon\u00bb button_two_letter_spacing_hover=\u00bb0&#8243; disabled=\u00bboff\u00bb] [\/et_pb_fullwidth_header][\/et_pb_section][et_pb_section transparent_background=\u00bboff\u00bb allow_player_pause=\u00bboff\u00bb inner_shadow=\u00bboff\u00bb parallax=\u00bboff\u00bb parallax_method=\u00bbon\u00bb padding_mobile=\u00bboff\u00bb make_fullwidth=\u00bboff\u00bb use_custom_width=\u00bboff\u00bb width_unit=\u00bboff\u00bb custom_width_px=\u00bb1080px\u00bb custom_width_percent=\u00bb80%\u00bb make_equal=\u00bboff\u00bb use_custom_gutter=\u00bboff\u00bb fullwidth=\u00bboff\u00bb specialty=\u00bboff\u00bb admin_label=\u00bbSecci\u00f3n\u00bb disabled=\u00bboff\u00bb][et_pb_row make_fullwidth=\u00bboff\u00bb use_custom_width=\u00bboff\u00bb width_unit=\u00bbon\u00bb custom_width_px=\u00bb1080px\u00bb custom_width_percent=\u00bb80%\u00bb use_custom_gutter=\u00bboff\u00bb gutter_width=\u00bb3&#8243; padding_mobile=\u00bboff\u00bb allow_player_pause=\u00bboff\u00bb parallax=\u00bboff\u00bb parallax_method=\u00bboff\u00bb make_equal=\u00bboff\u00bb column_padding_mobile=\u00bbon\u00bb parallax_1=\u00bboff\u00bb parallax_method_1=\u00bboff\u00bb parallax_2=\u00bboff\u00bb parallax_method_2=\u00bboff\u00bb parallax_3=\u00bboff\u00bb parallax_method_3=\u00bbon\u00bb parallax_4=\u00bboff\u00bb parallax_method_4=\u00bbon\u00bb admin_label=\u00bbFila\u00bb disabled=\u00bboff\u00bb][et_pb_column type=\u00bb1_2&#8243; disabled=\u00bboff\u00bb parallax=\u00bboff\u00bb parallax_method=\u00bboff\u00bb column_padding_mobile=\u00bbon\u00bb][et_pb_tabs admin_label=\u00bbPesta\u00f1as\u00bb use_border_color=\u00bboff\u00bb border_color=\u00bb#ffffff\u00bb border_width=\u00bb1px\u00bb border_style=\u00bbsolid\u00bb disabled=\u00bboff\u00bb][et_pb_tab title=\u00bbEUSKERA\u00bb tab_font=\u00bb||||\u00bb tab_line_height=\u00bb2em\u00bb tab_line_height_tablet=\u00bb2em\u00bb tab_line_height_phone=\u00bb2em\u00bb body_font=\u00bb||||\u00bb body_line_height=\u00bb2em\u00bb body_line_height_tablet=\u00bb2em\u00bb body_line_height_phone=\u00bb2em\u00bb disabled=\u00bboff\u00bb]<\/p>\n<p>Hegoak beti hegaz esan zidan txikitako pediatrak, eta izena izanean barne harturik proiektu honen parte naiz, zoriontsu egiten ez ninduten lotura batzuetatik askatuz. Era berean hankak lurrean jarrita bizi naiz, haur txikiekin zerikusia duten jakintza eta praktikekin formatuz. Haurrekin harremana izateak nire senarekin konektatzen nau eta bizi garen jendartea eraldatuz, bizitza erdigunean jarriko duen beste baterako bidea eraikitzera narama.<\/p>\n<p>[\/et_pb_tab][et_pb_tab title=\u00bbCASTELLANO\u00bb tab_font=\u00bb||||\u00bb tab_line_height=\u00bb2em\u00bb tab_line_height_tablet=\u00bb2em\u00bb tab_line_height_phone=\u00bb2em\u00bb body_font=\u00bb||||\u00bb body_line_height=\u00bb2em\u00bb body_line_height_tablet=\u00bb2em\u00bb body_line_height_phone=\u00bb2em\u00bb disabled=\u00bboff\u00bb]<\/p>\n<p>Como me dijo mi pediatra cuando todav\u00eda era un beb\u00e9 \u201chegoak beti hegaz\u201d (las alas siempre volando), y tomando mi nombre como parte de mi personalidad, soy parte de este proyecto, cortando unas ataduras que no me hac\u00edan feliz. Al mismo tiempo vivo con los pies en el suelo, form\u00e1ndome con conocimientos y pr\u00e1cticas relacionadas con ni\u00f1os y ni\u00f1as peque\u00f1as. La relaci\u00f3n con ellas me conecta con mi verdadero ser y me lleva a transformar la sociedad en la que vivimos hacia otra que ponga la vida en el centro.os.<\/p>\n<p>[\/et_pb_tab][\/et_pb_tabs][et_pb_button button_url=\u00bbhttps:\/\/www.zorutik.eus\/index.php\/equipo-zorutik\/\u00bb url_new_window=\u00bboff\u00bb button_text=\u00bbVolver &#8211; Itzuli\u00bb button_alignment=\u00bbleft\u00bb background_layout=\u00bblight\u00bb admin_label=\u00bbBot\u00f3n\u00bb custom_button=\u00bbon\u00bb button_text_size=\u00bb20&#8243; button_text_color=\u00bb#579615&#8243; button_letter_spacing=\u00bb0&#8243; button_use_icon=\u00bbdefault\u00bb button_icon_placement=\u00bbright\u00bb button_on_hover=\u00bbon\u00bb button_letter_spacing_hover=\u00bb0&#8243; disabled=\u00bboff\u00bb] [\/et_pb_button][\/et_pb_column][et_pb_column type=\u00bb1_2&#8243; disabled=\u00bboff\u00bb parallax=\u00bboff\u00bb parallax_method=\u00bboff\u00bb column_padding_mobile=\u00bbon\u00bb][et_pb_image src=\u00bbhttps:\/\/www.zorutik.eus\/wp-content\/uploads\/2017\/02\/hegoaugalde.png\u00bb show_in_lightbox=\u00bboff\u00bb url_new_window=\u00bboff\u00bb use_overlay=\u00bboff\u00bb animation=\u00bbright\u00bb sticky=\u00bbon\u00bb align=\u00bbleft\u00bb force_fullwidth=\u00bboff\u00bb always_center_on_mobile=\u00bbon\u00bb admin_label=\u00bbImagen\u00bb use_border_color=\u00bboff\u00bb border_color=\u00bb#ffffff\u00bb border_width=\u00bb1px\u00bb border_style=\u00bbsolid\u00bb disabled=\u00bboff\u00bb] [\/et_pb_image][\/et_pb_column][\/et_pb_row][\/et_pb_section]<\/p>\n","protected":false},"excerpt":{"rendered":"<p>Hegoak beti hegaz esan zidan txikitako pediatrak, eta izena izanean barne harturik proiektu honen parte naiz, zoriontsu egiten ez ninduten lotura batzuetatik askatuz. Era berean hankak lurrean jarrita bizi naiz, haur txikiekin zerikusia duten jakintza eta praktikekin formatuz. Haurrekin harremana izateak nire senarekin konektatzen nau eta bizi garen jendartea eraldatuz, bizitza erdigunean jarriko duen beste [&hellip;]<\/p>\n","protected":false},"author":1,"featured_media":0,"parent":0,"menu_order":0,"comment_status":"closed","ping_status":"closed","template":"","meta":{"_et_pb_use_builder":"on","_et_pb_old_content":"","_et_gb_content_width":"","footnotes":""},"class_list":["post-592","page","type-page","status-publish","hentry"],"yoast_head":"<!-- This site is optimized with the Yoast SEO plugin v27.0 - https:\/\/yoast.com\/product\/yoast-seo-wordpress\/ -->\n<title>Hegoa Ugalde Villa - Zorutik<\/title>\n<meta name=\"robots\" content=\"index, follow, max-snippet:-1, max-image-preview:large, max-video-preview:-1\" \/>\n<link rel=\"canonical\" href=\"https:\/\/www.zorutik.eus\/index.php\/hegoa-ugalde-villa\/?lang=es\" \/>\n<meta property=\"og:locale\" content=\"es_ES\" \/>\n<meta property=\"og:type\" content=\"article\" \/>\n<meta property=\"og:title\" content=\"Hegoa Ugalde Villa - Zorutik\" \/>\n<meta property=\"og:description\" content=\"Hegoak beti hegaz esan zidan txikitako pediatrak, eta izena izanean barne harturik proiektu honen parte naiz, zoriontsu egiten ez ninduten lotura batzuetatik askatuz. Era berean hankak lurrean jarrita bizi naiz, haur txikiekin zerikusia duten jakintza eta praktikekin formatuz. Haurrekin harremana izateak nire senarekin konektatzen nau eta bizi garen jendartea eraldatuz, bizitza erdigunean jarriko duen beste [&hellip;]\" \/>\n<meta property=\"og:url\" content=\"https:\/\/www.zorutik.eus\/index.php\/hegoa-ugalde-villa\/?lang=es\" \/>\n<meta property=\"og:site_name\" content=\"Zorutik\" \/>\n<meta property=\"article:publisher\" content=\"https:\/\/www.facebook.com\/people\/Zorutik\/100057567754537\/\" \/>\n<meta property=\"article:modified_time\" content=\"2017-05-12T06:25:13+00:00\" \/>\n<meta name=\"twitter:card\" content=\"summary_large_image\" \/>\n<meta name=\"twitter:label1\" content=\"Tiempo de lectura\" \/>\n\t<meta name=\"twitter:data1\" content=\"4 minutos\" \/>\n<script type=\"application\/ld+json\" class=\"yoast-schema-graph\">{\"@context\":\"https:\/\/schema.org\",\"@graph\":[{\"@type\":\"WebPage\",\"@id\":\"https:\/\/www.zorutik.eus\/index.php\/hegoa-ugalde-villa\/?lang=es\",\"url\":\"https:\/\/www.zorutik.eus\/index.php\/hegoa-ugalde-villa\/?lang=es\",\"name\":\"Hegoa Ugalde Villa - Zorutik\",\"isPartOf\":{\"@id\":\"https:\/\/www.zorutik.eus\/?lang=es\/#website\"},\"datePublished\":\"2017-02-10T10:17:33+00:00\",\"dateModified\":\"2017-05-12T06:25:13+00:00\",\"breadcrumb\":{\"@id\":\"https:\/\/www.zorutik.eus\/index.php\/hegoa-ugalde-villa\/?lang=es#breadcrumb\"},\"inLanguage\":\"es\",\"potentialAction\":[{\"@type\":\"ReadAction\",\"target\":[\"https:\/\/www.zorutik.eus\/index.php\/hegoa-ugalde-villa\/?lang=es\"]}]},{\"@type\":\"BreadcrumbList\",\"@id\":\"https:\/\/www.zorutik.eus\/index.php\/hegoa-ugalde-villa\/?lang=es#breadcrumb\",\"itemListElement\":[{\"@type\":\"ListItem\",\"position\":1,\"name\":\"Home\",\"item\":\"https:\/\/www.zorutik.eus\/\"},{\"@type\":\"ListItem\",\"position\":2,\"name\":\"Hegoa Ugalde Villa\"}]},{\"@type\":\"WebSite\",\"@id\":\"https:\/\/www.zorutik.eus\/?lang=es\/#website\",\"url\":\"https:\/\/www.zorutik.eus\/?lang=es\/\",\"name\":\"Zorutik\",\"description\":\"Espacio para el desarrollo de la autonom\u00eda y los cuidados de la primera infancia. Grupos de juego y observaci\u00f3n. \",\"publisher\":{\"@id\":\"https:\/\/www.zorutik.eus\/?lang=es\/#organization\"},\"potentialAction\":[{\"@type\":\"SearchAction\",\"target\":{\"@type\":\"EntryPoint\",\"urlTemplate\":\"https:\/\/www.zorutik.eus\/?lang=es\/?s={search_term_string}\"},\"query-input\":{\"@type\":\"PropertyValueSpecification\",\"valueRequired\":true,\"valueName\":\"search_term_string\"}}],\"inLanguage\":\"es\"},{\"@type\":\"Organization\",\"@id\":\"https:\/\/www.zorutik.eus\/?lang=es\/#organization\",\"name\":\"Zorutik\",\"url\":\"https:\/\/www.zorutik.eus\/?lang=es\/\",\"logo\":{\"@type\":\"ImageObject\",\"inLanguage\":\"es\",\"@id\":\"https:\/\/www.zorutik.eus\/?lang=es\/#\/schema\/logo\/image\/\",\"url\":\"https:\/\/www.zorutik.eus\/wp-content\/uploads\/2017\/09\/logozorutik-1.png\",\"contentUrl\":\"https:\/\/www.zorutik.eus\/wp-content\/uploads\/2017\/09\/logozorutik-1.png\",\"width\":836,\"height\":165,\"caption\":\"Zorutik\"},\"image\":{\"@id\":\"https:\/\/www.zorutik.eus\/?lang=es\/#\/schema\/logo\/image\/\"},\"sameAs\":[\"https:\/\/www.facebook.com\/people\/Zorutik\/100057567754537\/\"]}]}<\/script>\n<!-- \/ Yoast SEO plugin. -->","yoast_head_json":{"title":"Hegoa Ugalde Villa - Zorutik","robots":{"index":"index","follow":"follow","max-snippet":"max-snippet:-1","max-image-preview":"max-image-preview:large","max-video-preview":"max-video-preview:-1"},"canonical":"https:\/\/www.zorutik.eus\/index.php\/hegoa-ugalde-villa\/?lang=es","og_locale":"es_ES","og_type":"article","og_title":"Hegoa Ugalde Villa - Zorutik","og_description":"Hegoak beti hegaz esan zidan txikitako pediatrak, eta izena izanean barne harturik proiektu honen parte naiz, zoriontsu egiten ez ninduten lotura batzuetatik askatuz. Era berean hankak lurrean jarrita bizi naiz, haur txikiekin zerikusia duten jakintza eta praktikekin formatuz. Haurrekin harremana izateak nire senarekin konektatzen nau eta bizi garen jendartea eraldatuz, bizitza erdigunean jarriko duen beste [&hellip;]","og_url":"https:\/\/www.zorutik.eus\/index.php\/hegoa-ugalde-villa\/?lang=es","og_site_name":"Zorutik","article_publisher":"https:\/\/www.facebook.com\/people\/Zorutik\/100057567754537\/","article_modified_time":"2017-05-12T06:25:13+00:00","twitter_card":"summary_large_image","twitter_misc":{"Tiempo de lectura":"4 minutos"},"schema":{"@context":"https:\/\/schema.org","@graph":[{"@type":"WebPage","@id":"https:\/\/www.zorutik.eus\/index.php\/hegoa-ugalde-villa\/?lang=es","url":"https:\/\/www.zorutik.eus\/index.php\/hegoa-ugalde-villa\/?lang=es","name":"Hegoa Ugalde Villa - Zorutik","isPartOf":{"@id":"https:\/\/www.zorutik.eus\/?lang=es\/#website"},"datePublished":"2017-02-10T10:17:33+00:00","dateModified":"2017-05-12T06:25:13+00:00","breadcrumb":{"@id":"https:\/\/www.zorutik.eus\/index.php\/hegoa-ugalde-villa\/?lang=es#breadcrumb"},"inLanguage":"es","potentialAction":[{"@type":"ReadAction","target":["https:\/\/www.zorutik.eus\/index.php\/hegoa-ugalde-villa\/?lang=es"]}]},{"@type":"BreadcrumbList","@id":"https:\/\/www.zorutik.eus\/index.php\/hegoa-ugalde-villa\/?lang=es#breadcrumb","itemListElement":[{"@type":"ListItem","position":1,"name":"Home","item":"https:\/\/www.zorutik.eus\/"},{"@type":"ListItem","position":2,"name":"Hegoa Ugalde Villa"}]},{"@type":"WebSite","@id":"https:\/\/www.zorutik.eus\/?lang=es\/#website","url":"https:\/\/www.zorutik.eus\/?lang=es\/","name":"Zorutik","description":"Espacio para el desarrollo de la autonom\u00eda y los cuidados de la primera infancia. Grupos de juego y observaci\u00f3n. ","publisher":{"@id":"https:\/\/www.zorutik.eus\/?lang=es\/#organization"},"potentialAction":[{"@type":"SearchAction","target":{"@type":"EntryPoint","urlTemplate":"https:\/\/www.zorutik.eus\/?lang=es\/?s={search_term_string}"},"query-input":{"@type":"PropertyValueSpecification","valueRequired":true,"valueName":"search_term_string"}}],"inLanguage":"es"},{"@type":"Organization","@id":"https:\/\/www.zorutik.eus\/?lang=es\/#organization","name":"Zorutik","url":"https:\/\/www.zorutik.eus\/?lang=es\/","logo":{"@type":"ImageObject","inLanguage":"es","@id":"https:\/\/www.zorutik.eus\/?lang=es\/#\/schema\/logo\/image\/","url":"https:\/\/www.zorutik.eus\/wp-content\/uploads\/2017\/09\/logozorutik-1.png","contentUrl":"https:\/\/www.zorutik.eus\/wp-content\/uploads\/2017\/09\/logozorutik-1.png","width":836,"height":165,"caption":"Zorutik"},"image":{"@id":"https:\/\/www.zorutik.eus\/?lang=es\/#\/schema\/logo\/image\/"},"sameAs":["https:\/\/www.facebook.com\/people\/Zorutik\/100057567754537\/"]}]}},"_links":{"self":[{"href":"https:\/\/www.zorutik.eus\/es\/index.php\/wp-json\/wp\/v2\/pages\/592","targetHints":{"allow":["GET"]}}],"collection":[{"href":"https:\/\/www.zorutik.eus\/es\/index.php\/wp-json\/wp\/v2\/pages"}],"about":[{"href":"https:\/\/www.zorutik.eus\/es\/index.php\/wp-json\/wp\/v2\/types\/page"}],"author":[{"embeddable":true,"href":"https:\/\/www.zorutik.eus\/es\/index.php\/wp-json\/wp\/v2\/users\/1"}],"replies":[{"embeddable":true,"href":"https:\/\/www.zorutik.eus\/es\/index.php\/wp-json\/wp\/v2\/comments?post=592"}],"version-history":[{"count":5,"href":"https:\/\/www.zorutik.eus\/es\/index.php\/wp-json\/wp\/v2\/pages\/592\/revisions"}],"predecessor-version":[{"id":763,"href":"https:\/\/www.zorutik.eus\/es\/index.php\/wp-json\/wp\/v2\/pages\/592\/revisions\/763"}],"wp:attachment":[{"href":"https:\/\/www.zorutik.eus\/es\/index.php\/wp-json\/wp\/v2\/media?parent=592"}],"curies":[{"name":"wp","href":"https:\/\/api.w.org\/{rel}","templated":true}]}}