{"id":1036,"date":"2018-06-15T11:32:47","date_gmt":"2018-06-15T11:32:47","guid":{"rendered":"http:\/\/www.zorutik.eus\/?page_id=1036"},"modified":"2018-06-15T11:34:06","modified_gmt":"2018-06-15T11:34:06","slug":"politica-de-privacidad","status":"publish","type":"page","link":"https:\/\/www.zorutik.eus\/index.php\/politica-de-privacidad\/","title":{"rendered":"Pol\u00edtica de privacidad"},"content":{"rendered":"<p>[et_pb_section fullwidth=&#8221;on&#8221; specialty=&#8221;off&#8221; admin_label=&#8221;Secci\u00f3n&#8221;][et_pb_fullwidth_header admin_label=&#8221;T\u00edtulo de anchura completa&#8221; title=&#8221;Pol\u00edtica de privacidad&#8221; background_layout=&#8221;light&#8221; text_orientation=&#8221;left&#8221; header_fullscreen=&#8221;off&#8221; header_scroll_down=&#8221;off&#8221; parallax=&#8221;off&#8221; parallax_method=&#8221;off&#8221; content_orientation=&#8221;center&#8221; image_orientation=&#8221;center&#8221; custom_button_one=&#8221;off&#8221; button_one_letter_spacing=&#8221;0&#8243; button_one_use_icon=&#8221;default&#8221; button_one_icon_placement=&#8221;right&#8221; button_one_on_hover=&#8221;on&#8221; button_one_letter_spacing_hover=&#8221;0&#8243; custom_button_two=&#8221;off&#8221; button_two_letter_spacing=&#8221;0&#8243; button_two_use_icon=&#8221;default&#8221; button_two_icon_placement=&#8221;right&#8221; button_two_on_hover=&#8221;on&#8221; button_two_letter_spacing_hover=&#8221;0&#8243;]<\/p>\n<p>En Zorutik queremos proteger tus datos&#8230;<\/p>\n<p>[\/et_pb_fullwidth_header][\/et_pb_section][et_pb_section admin_label=&#8221;section&#8221;][et_pb_row admin_label=&#8221;row&#8221; make_fullwidth=&#8221;off&#8221; use_custom_width=&#8221;off&#8221; width_unit=&#8221;on&#8221; use_custom_gutter=&#8221;off&#8221; padding_mobile=&#8221;off&#8221; allow_player_pause=&#8221;off&#8221; parallax=&#8221;off&#8221; parallax_method=&#8221;off&#8221; make_equal=&#8221;off&#8221; column_padding_mobile=&#8221;on&#8221;][et_pb_column type=&#8221;4_4&#8243;][et_pb_text admin_label=&#8221;Texto&#8221; background_layout=&#8221;light&#8221; text_orientation=&#8221;left&#8221; use_border_color=&#8221;off&#8221; border_color=&#8221;#ffffff&#8221; border_style=&#8221;solid&#8221;]<\/p>\n<p><strong>POL\u00cdTICA DE PRIVACIDAD<\/strong><\/p>\n<p><strong>1. RESPONSABLE del tratamiento de tus datos<\/strong><\/p>\n<ul>\n<li>Nombre: Lurbizi Kooperatiba Elkarte Txikia<\/li>\n<li>Nombre marca: Zorutik gunea<\/li>\n<li>CIF: F-95900510<\/li>\n<li>Direcci\u00f3n: Fika 4-4\u00baizq, 48006, Bilbo-Bizkaia<\/li>\n<li>Email: zorutikgunea@gmail.com<\/li>\n<\/ul>\n<p>En nombre de la empresa tratamos la informaci\u00f3n que nos facilita con el fin de enviarle informaci\u00f3n relacionada con nuestros productos y servicios e invitarle a eventos organizados por la empresa. Los datos proporcionados se conservar\u00e1n mientras no solicite el cese de la actividad. Los datos no se ceder\u00e1n a terceros salvo en los casos en que exista una obligaci\u00f3n legal y plataformas de env\u00edo de informaci\u00f3n comercial mediante medios electr\u00f3nicos. Usted tiene derecho a obtener confirmaci\u00f3n sobre si en Lurbizi Kooperatiba Elkarte Txikia estamos tratando sus datos personales, por tanto, tiene derecho a acceder a sus datos personales, rectificar los datos inexactos o solicitar su supresi\u00f3n cuando los datos ya no sean necesarios para los fines que fueron recogidos.<\/p>\n<p><strong>2. FINALIDAD<\/strong><\/p>\n<p>En Lurbizi Koop. Elk. Txikia tratamos la informaci\u00f3n que nos facilitan las personas interesadas con el fin de <strong>mejorar y facilitar la comunicaci\u00f3n<\/strong> y gestionar el <strong>env\u00edo de comunicaciones comerciales sobre nuestros productos y\/o servicios<\/strong> mediante medios electr\u00f3nicos (e-mail, WhatsApp,&#8230;).<\/p>\n<p><strong>3. LEGITIMACI\u00d3N<\/strong><\/p>\n<p>La legitimaci\u00f3n del tratamiento es la relaci\u00f3n contractual y el cumplimiento de las obligaciones profesionales y legales derivadas de la misma.<\/p>\n<p><strong>4. COMUNICACI\u00d3N DE DATOS A TERCEROS<\/strong><\/p>\n<p>Los datos se usar\u00e1n en plataformas de env\u00edo de informaci\u00f3n comercial mediante medios electr\u00f3nicos, con la finalidad de realizar el env\u00edo con garant\u00edas y obtener datos estad\u00edsticos. A parte de eso, los datos no se ceder\u00e1n a terceros salvo por obligaci\u00f3n legal.<\/p>\n<p><strong>5. DERECHOS<\/strong><\/p>\n<p>De acuerdo con los derechos que te confiere la normativa vigente en protecci\u00f3n de datos, puedes ejercer los derechos de acceso, rectificaci\u00f3n, limitaci\u00f3n de tratamiento, supresi\u00f3n, portabilidad y oposici\u00f3n al tratamiento de tus datos de car\u00e1cter personal, as\u00ed como del consentimiento prestado para el tratamiento de los mismos, dirigiendo tu petici\u00f3n a la direcci\u00f3n postal o correo electr\u00f3nico indicados en el punto 1.<\/p>\n<p>Cada vez que recibe por correo electr\u00f3nico un mensaje, podr\u00e1 indicarnos si no desea recibirlos m\u00e1s haciendo clic en el enlace de cancelaci\u00f3n de la suscripci\u00f3n que encontrar\u00e1 al final de cada mensaje que le enviemos.<\/p>\n<p>Tambi\u00e9n tienes derecho a presentar una reclamaci\u00f3n ante la Agencia Espa\u00f1ola de Protecci\u00f3n de Datos si consideras que no hemos cumplido nuestra pol\u00edtica.<\/p>\n<p><strong>6. PROCEDENCIA<\/strong><\/p>\n<p>Los datos han sido obtenidos por los interesados en cada caso.<\/p>\n<p>Tambi\u00e9n proceden de los formularios de contacto y suscripci\u00f3n que previamente has cumplimentado y aceptado al confirmar tu suscripci\u00f3n.<\/p>\n<p><strong>7. CONSERVACI\u00d3N DE DATOS<\/strong><\/p>\n<p>Los datos proporcionados se conservar\u00e1n mientras se mantenga su inter\u00e9s por nuestros servicios y actividades, no nos informe de eliminarlos o durante los a\u00f1os necesarios para cumplir con las obligaciones legales.<\/p>\n<p><strong>8. PROTECCI\u00d3N<\/strong><\/p>\n<p>Nos comprometemos a proteger tus datos personales mediante las medidas t\u00e9cnicas y organizativas adecuadas. No obstante, ning\u00fan sistema es completamente seguro, por lo que seguimos mejorando y actualizando nuestras pol\u00edticas de seguridad de los datos.<\/p>\n<p><strong>9. ACEPTACI\u00d3N Y CONSENTIMIENTO<\/strong><\/p>\n<p>La persona usuaria declara haber sido informada de las condiciones sobre protecci\u00f3n de datos de car\u00e1cter personal, aceptando y consintiendo el tratamiento de estos por parte de Lurbizi Koop- Elk. Txikia en la forma y para las finalidades indicadas en esta pol\u00edtica de privacidad.<\/p>\n<p><strong>10. CAMBIOS EN LA POL\u00cdTICA DE PRIVACIDAD<\/strong><\/p>\n<p>Lurbizi Koop- Elk. Txikia se reserva el derecho a modificar la presente pol\u00edtica para adaptarla a novedades legislativas o jurisprudenciales, as\u00ed como a pr\u00e1cticas de la industria. En dichos supuestos, se anunciar\u00e1 en esta p\u00e1gina los cambios introducidos con razonable antelaci\u00f3n a su puesta en pr\u00e1ctica.<\/p>\n<p>&nbsp;<\/p>\n<p>&nbsp;<\/p>\n<p>[\/et_pb_text][\/et_pb_column][\/et_pb_row][\/et_pb_section]<\/p>\n","protected":false},"excerpt":{"rendered":"<p>En Zorutik queremos proteger tus datos&#8230; POL\u00cdTICA DE PRIVACIDAD 1. RESPONSABLE del tratamiento de tus datos Nombre: Lurbizi Kooperatiba Elkarte Txikia Nombre marca: Zorutik gunea CIF: F-95900510 Direcci\u00f3n: Fika 4-4\u00baizq, 48006, Bilbo-Bizkaia Email: zorutikgunea@gmail.com En nombre de la empresa tratamos la informaci\u00f3n que nos facilita con el fin de enviarle informaci\u00f3n relacionada con nuestros productos [&hellip;]<\/p>\n","protected":false},"author":1,"featured_media":0,"parent":0,"menu_order":0,"comment_status":"closed","ping_status":"closed","template":"","meta":{"_et_pb_use_builder":"on","_et_pb_old_content":"","_et_gb_content_width":"","footnotes":""},"class_list":["post-1036","page","type-page","status-publish","hentry"],"yoast_head":"<!-- This site is optimized with the Yoast SEO plugin v27.0 - https:\/\/yoast.com\/product\/yoast-seo-wordpress\/ -->\n<title>Pol\u00edtica de privacidad - Zorutik<\/title>\n<meta name=\"robots\" content=\"index, follow, max-snippet:-1, max-image-preview:large, max-video-preview:-1\" \/>\n<link rel=\"canonical\" href=\"https:\/\/www.zorutik.eus\/index.php\/politica-de-privacidad\/\" \/>\n<meta property=\"og:locale\" content=\"en_US\" \/>\n<meta property=\"og:type\" content=\"article\" \/>\n<meta property=\"og:title\" content=\"Pol\u00edtica de privacidad - Zorutik\" \/>\n<meta property=\"og:description\" content=\"En Zorutik queremos proteger tus datos... POL\u00cdTICA DE PRIVACIDAD 1. RESPONSABLE del tratamiento de tus datos Nombre: Lurbizi Kooperatiba Elkarte Txikia Nombre marca: Zorutik gunea CIF: F-95900510 Direcci\u00f3n: Fika 4-4\u00baizq, 48006, Bilbo-Bizkaia Email: zorutikgunea@gmail.com En nombre de la empresa tratamos la informaci\u00f3n que nos facilita con el fin de enviarle informaci\u00f3n relacionada con nuestros productos [&hellip;]\" \/>\n<meta property=\"og:url\" content=\"https:\/\/www.zorutik.eus\/index.php\/politica-de-privacidad\/\" \/>\n<meta property=\"og:site_name\" content=\"Zorutik\" \/>\n<meta property=\"article:publisher\" content=\"https:\/\/www.facebook.com\/people\/Zorutik\/100057567754537\/\" \/>\n<meta property=\"article:modified_time\" content=\"2018-06-15T11:34:06+00:00\" \/>\n<meta name=\"twitter:card\" content=\"summary_large_image\" \/>\n<meta name=\"twitter:label1\" content=\"Est. reading time\" \/>\n\t<meta name=\"twitter:data1\" content=\"4 minutua\" \/>\n<script type=\"application\/ld+json\" class=\"yoast-schema-graph\">{\"@context\":\"https:\/\/schema.org\",\"@graph\":[{\"@type\":\"WebPage\",\"@id\":\"https:\/\/www.zorutik.eus\/index.php\/politica-de-privacidad\/\",\"url\":\"https:\/\/www.zorutik.eus\/index.php\/politica-de-privacidad\/\",\"name\":\"Pol\u00edtica de privacidad - Zorutik\",\"isPartOf\":{\"@id\":\"https:\/\/www.zorutik.eus\/?lang=es\/#website\"},\"datePublished\":\"2018-06-15T11:32:47+00:00\",\"dateModified\":\"2018-06-15T11:34:06+00:00\",\"breadcrumb\":{\"@id\":\"https:\/\/www.zorutik.eus\/index.php\/politica-de-privacidad\/#breadcrumb\"},\"inLanguage\":\"eu\",\"potentialAction\":[{\"@type\":\"ReadAction\",\"target\":[\"https:\/\/www.zorutik.eus\/index.php\/politica-de-privacidad\/\"]}]},{\"@type\":\"BreadcrumbList\",\"@id\":\"https:\/\/www.zorutik.eus\/index.php\/politica-de-privacidad\/#breadcrumb\",\"itemListElement\":[{\"@type\":\"ListItem\",\"position\":1,\"name\":\"Home\",\"item\":\"https:\/\/www.zorutik.eus\/\"},{\"@type\":\"ListItem\",\"position\":2,\"name\":\"Pol\u00edtica de privacidad\"}]},{\"@type\":\"WebSite\",\"@id\":\"https:\/\/www.zorutik.eus\/?lang=es\/#website\",\"url\":\"https:\/\/www.zorutik.eus\/?lang=es\/\",\"name\":\"Zorutik\",\"description\":\"Espacio para el desarrollo de la autonom\u00eda y los cuidados de la primera infancia. Grupos de juego y observaci\u00f3n.\",\"publisher\":{\"@id\":\"https:\/\/www.zorutik.eus\/?lang=es\/#organization\"},\"potentialAction\":[{\"@type\":\"SearchAction\",\"target\":{\"@type\":\"EntryPoint\",\"urlTemplate\":\"https:\/\/www.zorutik.eus\/?lang=es\/?s={search_term_string}\"},\"query-input\":{\"@type\":\"PropertyValueSpecification\",\"valueRequired\":true,\"valueName\":\"search_term_string\"}}],\"inLanguage\":\"eu\"},{\"@type\":\"Organization\",\"@id\":\"https:\/\/www.zorutik.eus\/?lang=es\/#organization\",\"name\":\"Zorutik\",\"url\":\"https:\/\/www.zorutik.eus\/?lang=es\/\",\"logo\":{\"@type\":\"ImageObject\",\"inLanguage\":\"eu\",\"@id\":\"https:\/\/www.zorutik.eus\/?lang=es\/#\/schema\/logo\/image\/\",\"url\":\"https:\/\/www.zorutik.eus\/wp-content\/uploads\/2017\/09\/logozorutik-1.png\",\"contentUrl\":\"https:\/\/www.zorutik.eus\/wp-content\/uploads\/2017\/09\/logozorutik-1.png\",\"width\":836,\"height\":165,\"caption\":\"Zorutik\"},\"image\":{\"@id\":\"https:\/\/www.zorutik.eus\/?lang=es\/#\/schema\/logo\/image\/\"},\"sameAs\":[\"https:\/\/www.facebook.com\/people\/Zorutik\/100057567754537\/\"]}]}<\/script>\n<!-- \/ Yoast SEO plugin. -->","yoast_head_json":{"title":"Pol\u00edtica de privacidad - Zorutik","robots":{"index":"index","follow":"follow","max-snippet":"max-snippet:-1","max-image-preview":"max-image-preview:large","max-video-preview":"max-video-preview:-1"},"canonical":"https:\/\/www.zorutik.eus\/index.php\/politica-de-privacidad\/","og_locale":"en_US","og_type":"article","og_title":"Pol\u00edtica de privacidad - Zorutik","og_description":"En Zorutik queremos proteger tus datos... POL\u00cdTICA DE PRIVACIDAD 1. RESPONSABLE del tratamiento de tus datos Nombre: Lurbizi Kooperatiba Elkarte Txikia Nombre marca: Zorutik gunea CIF: F-95900510 Direcci\u00f3n: Fika 4-4\u00baizq, 48006, Bilbo-Bizkaia Email: zorutikgunea@gmail.com En nombre de la empresa tratamos la informaci\u00f3n que nos facilita con el fin de enviarle informaci\u00f3n relacionada con nuestros productos [&hellip;]","og_url":"https:\/\/www.zorutik.eus\/index.php\/politica-de-privacidad\/","og_site_name":"Zorutik","article_publisher":"https:\/\/www.facebook.com\/people\/Zorutik\/100057567754537\/","article_modified_time":"2018-06-15T11:34:06+00:00","twitter_card":"summary_large_image","twitter_misc":{"Est. reading time":"4 minutua"},"schema":{"@context":"https:\/\/schema.org","@graph":[{"@type":"WebPage","@id":"https:\/\/www.zorutik.eus\/index.php\/politica-de-privacidad\/","url":"https:\/\/www.zorutik.eus\/index.php\/politica-de-privacidad\/","name":"Pol\u00edtica de privacidad - Zorutik","isPartOf":{"@id":"https:\/\/www.zorutik.eus\/?lang=es\/#website"},"datePublished":"2018-06-15T11:32:47+00:00","dateModified":"2018-06-15T11:34:06+00:00","breadcrumb":{"@id":"https:\/\/www.zorutik.eus\/index.php\/politica-de-privacidad\/#breadcrumb"},"inLanguage":"eu","potentialAction":[{"@type":"ReadAction","target":["https:\/\/www.zorutik.eus\/index.php\/politica-de-privacidad\/"]}]},{"@type":"BreadcrumbList","@id":"https:\/\/www.zorutik.eus\/index.php\/politica-de-privacidad\/#breadcrumb","itemListElement":[{"@type":"ListItem","position":1,"name":"Home","item":"https:\/\/www.zorutik.eus\/"},{"@type":"ListItem","position":2,"name":"Pol\u00edtica de privacidad"}]},{"@type":"WebSite","@id":"https:\/\/www.zorutik.eus\/?lang=es\/#website","url":"https:\/\/www.zorutik.eus\/?lang=es\/","name":"Zorutik","description":"Espacio para el desarrollo de la autonom\u00eda y los cuidados de la primera infancia. Grupos de juego y observaci\u00f3n.","publisher":{"@id":"https:\/\/www.zorutik.eus\/?lang=es\/#organization"},"potentialAction":[{"@type":"SearchAction","target":{"@type":"EntryPoint","urlTemplate":"https:\/\/www.zorutik.eus\/?lang=es\/?s={search_term_string}"},"query-input":{"@type":"PropertyValueSpecification","valueRequired":true,"valueName":"search_term_string"}}],"inLanguage":"eu"},{"@type":"Organization","@id":"https:\/\/www.zorutik.eus\/?lang=es\/#organization","name":"Zorutik","url":"https:\/\/www.zorutik.eus\/?lang=es\/","logo":{"@type":"ImageObject","inLanguage":"eu","@id":"https:\/\/www.zorutik.eus\/?lang=es\/#\/schema\/logo\/image\/","url":"https:\/\/www.zorutik.eus\/wp-content\/uploads\/2017\/09\/logozorutik-1.png","contentUrl":"https:\/\/www.zorutik.eus\/wp-content\/uploads\/2017\/09\/logozorutik-1.png","width":836,"height":165,"caption":"Zorutik"},"image":{"@id":"https:\/\/www.zorutik.eus\/?lang=es\/#\/schema\/logo\/image\/"},"sameAs":["https:\/\/www.facebook.com\/people\/Zorutik\/100057567754537\/"]}]}},"_links":{"self":[{"href":"https:\/\/www.zorutik.eus\/index.php\/wp-json\/wp\/v2\/pages\/1036","targetHints":{"allow":["GET"]}}],"collection":[{"href":"https:\/\/www.zorutik.eus\/index.php\/wp-json\/wp\/v2\/pages"}],"about":[{"href":"https:\/\/www.zorutik.eus\/index.php\/wp-json\/wp\/v2\/types\/page"}],"author":[{"embeddable":true,"href":"https:\/\/www.zorutik.eus\/index.php\/wp-json\/wp\/v2\/users\/1"}],"replies":[{"embeddable":true,"href":"https:\/\/www.zorutik.eus\/index.php\/wp-json\/wp\/v2\/comments?post=1036"}],"version-history":[{"count":1,"href":"https:\/\/www.zorutik.eus\/index.php\/wp-json\/wp\/v2\/pages\/1036\/revisions"}],"predecessor-version":[{"id":1037,"href":"https:\/\/www.zorutik.eus\/index.php\/wp-json\/wp\/v2\/pages\/1036\/revisions\/1037"}],"wp:attachment":[{"href":"https:\/\/www.zorutik.eus\/index.php\/wp-json\/wp\/v2\/media?parent=1036"}],"curies":[{"name":"wp","href":"https:\/\/api.w.org\/{rel}","templated":true}]}}