{"id":233,"date":"2016-12-08T14:59:34","date_gmt":"2016-12-08T14:59:34","guid":{"rendered":"http:\/\/www.zorutik.eus\/?page_id=233"},"modified":"2016-12-08T14:59:34","modified_gmt":"2016-12-08T14:59:34","slug":"que-hacemossss","status":"publish","type":"page","link":"https:\/\/www.zorutik.eus\/index.php\/que-hacemossss\/","title":{"rendered":"QUE HACEMOSSSS"},"content":{"rendered":"<p>[et_pb_section admin_label=&#8221;section&#8221; fullwidth=&#8221;on&#8221; specialty=&#8221;off&#8221; background_color=&#8221;#f7f7f7&#8243; inner_shadow=&#8221;on&#8221; parallax=&#8221;off&#8221;][et_pb_fullwidth_header admin_label=&#8221;Fullwidth Header&#8221; title=&#8221;\u00bfQU\u00c9 HACEMOS?&#8221; background_layout=&#8221;light&#8221; text_orientation=&#8221;center&#8221; subhead=&#8221;Desde el proyecto ZORUTIK ofrecemos a las familias un espacio de acompa\u00f1amiento y construcci\u00f3n de herramientas para el crecimiento respetuoso de sus hijas e hijos. A trav\u00e9s de un espacio para el desarrollo de la autonom\u00eda y los cuidados centrado en la edad de 0-3 a\u00f1os.&#8221; header_fullscreen=&#8221;off&#8221; header_scroll_down=&#8221;off&#8221; parallax=&#8221;off&#8221; parallax_method=&#8221;off&#8221; content_orientation=&#8221;center&#8221; image_orientation=&#8221;center&#8221; custom_button_one=&#8221;off&#8221; button_one_letter_spacing=&#8221;0&#8243; button_one_use_icon=&#8221;default&#8221; button_one_icon_placement=&#8221;right&#8221; button_one_on_hover=&#8221;on&#8221; button_one_letter_spacing_hover=&#8221;0&#8243; custom_button_two=&#8221;off&#8221; button_two_letter_spacing=&#8221;0&#8243; button_two_use_icon=&#8221;default&#8221; button_two_icon_placement=&#8221;right&#8221; button_two_on_hover=&#8221;on&#8221; button_two_letter_spacing_hover=&#8221;0&#8243;] [\/et_pb_fullwidth_header][\/et_pb_section][et_pb_section admin_label=&#8221;Secci\u00f3n&#8221; fullwidth=&#8221;off&#8221; specialty=&#8221;off&#8221;][et_pb_row admin_label=&#8221;Fila&#8221; make_fullwidth=&#8221;off&#8221; use_custom_width=&#8221;off&#8221; width_unit=&#8221;on&#8221; use_custom_gutter=&#8221;off&#8221; padding_mobile=&#8221;off&#8221; allow_player_pause=&#8221;off&#8221; parallax=&#8221;off&#8221; parallax_method=&#8221;off&#8221; make_equal=&#8221;off&#8221; parallax_1=&#8221;off&#8221; parallax_method_1=&#8221;off&#8221; parallax_2=&#8221;off&#8221; parallax_method_2=&#8221;off&#8221; column_padding_mobile=&#8221;on&#8221;][et_pb_column type=&#8221;1_2&#8243;][et_pb_text admin_label=&#8221;Texto&#8221; background_layout=&#8221;light&#8221; text_orientation=&#8221;left&#8221; text_text_color=&#8221;#000000&#8243; use_border_color=&#8221;off&#8221; border_color=&#8221;#ffffff&#8221; border_style=&#8221;solid&#8221;]<\/p>\n<p style=\"text-align: justify;\">Nuestra principal actividad son los <strong>grupos de juego y observaci\u00f3n<\/strong>. La idea de estos grupos la conocimos en el instituto Pikler-Loczy de Budapest. Esta entidad realiza la continuaci\u00f3n y difusi\u00f3n que comenz\u00f3 la pediatra Emmi Pikler en el antiguo orfanato Loczy el cual ella dirig\u00eda. Las aportaciones de estos trabajos se centran sobre todo en la primera infancia, y tienen una gran repercusi\u00f3n en diferentes partes del mundo, desarroll\u00e1ndose experiencias similares en cada vez m\u00e1s pa\u00edses.<\/p>\n<p style=\"text-align: justify;\">\u00a0\u00a0\u00a0\u00a0\u00a0\u00a0\u00a0\u00a0\u00a0\u00a0\u00a0\u00a0\u00a0\u00a0\u00a0\u00a0\u00a0\u00a0\u00a0\u00a0\u00a0\u00a0 Despu\u00e9s de conocer algunas de ellas, hemos elaborado nuestra propia propuesta. <u>Los grupos de juego y observaci\u00f3n<\/u><u> se componen de dos tipos de sesiones<\/u>:<\/p>\n<ul style=\"text-align: justify;\">\n<li>El primer tipo son <strong>sesiones familiares <\/strong>de <strong>una hora a la semana<\/strong>, donde el espacio est\u00e1 preparado para que los ni\u00f1@s jueguen de forma aut\u00f3noma bajo la atenta mirada del adulto. El espacio tiene las condiciones necesarias para el desarrollo innato de los beb\u00e9s. A las sesiones acude un adulto por familia, siendo su funci\u00f3n observar la actividad y capacidades de l@s ni\u00f1@s.<\/li>\n<\/ul>\n<p style=\"text-align: justify;\">El segundo tipo de sesiones son <strong>reuniones para la formaci\u00f3n y reflexi\u00f3n <\/strong>con las familias participantes. Durante el ciclo se realizan dos reuniones de <strong>dos horas<\/strong> de duraci\u00f3n. Para las nuevas familias realizamos adem\u00e1s una primera reuni\u00f3n<\/p>\n<p>[\/et_pb_text][\/et_pb_column][et_pb_column type=&#8221;1_2&#8243;][et_pb_image admin_label=&#8221;Imagen&#8221; src=&#8221;https:\/\/www.zorutik.eus\/wp-content\/uploads\/2016\/12\/portada.png&#8221; show_in_lightbox=&#8221;off&#8221; url_new_window=&#8221;off&#8221; use_overlay=&#8221;off&#8221; animation=&#8221;right&#8221; sticky=&#8221;on&#8221; align=&#8221;left&#8221; force_fullwidth=&#8221;off&#8221; always_center_on_mobile=&#8221;on&#8221; use_border_color=&#8221;off&#8221; border_color=&#8221;#ffffff&#8221; border_style=&#8221;solid&#8221;] [\/et_pb_image][et_pb_text admin_label=&#8221;Texto&#8221; background_layout=&#8221;light&#8221; text_orientation=&#8221;left&#8221; use_border_color=&#8221;off&#8221; border_color=&#8221;#ae8bba&#8221; border_style=&#8221;dotted&#8221; background_color=&#8221;rgba(221,221,221,0.42)&#8221; custom_margin=&#8221;10px|||&#8221; custom_padding=&#8221;10px|10px|10px|10px&#8221;]<\/p>\n<p style=\"text-align: justify;\"><strong>REUNIONES TEMATICAS<\/strong><br \/>\nComo actividad complementaria realizamos reuniones tem\u00e1ticas para formarse y reflexionar sobre otros temas relacionados con la primera infancia una vez al mes. Las participantes pueden ser tanto familias que toman parte en los grupos de juego y observaci\u00f3n como otras que tengan inter\u00e9s.<\/p>\n<p>[\/et_pb_text][\/et_pb_column][\/et_pb_row][et_pb_row admin_label=&#8221;Fila&#8221;][et_pb_column type=&#8221;4_4&#8243;][et_pb_accordion admin_label=&#8221;Acorde\u00f3n&#8221; use_border_color=&#8221;off&#8221; border_color=&#8221;#ffffff&#8221; border_style=&#8221;solid&#8221;] [et_pb_accordion_item title=&#8221;\u00bfPARA QUIEN?&#8221;]<\/p>\n<p><strong>Sesiones familiares<\/strong><\/p>\n<ul>\n<li>Para que los beb\u00e9s desarrollen su actividad aut\u00f3nomamente sin la intervenci\u00f3n directa de los adultos mediante un espacio seguro y de confianza.<\/li>\n<li>Para posibilitar un espacio donde los beb\u00e9s tengan las condiciones necesarias para desarrollar sus propias capacidades.<\/li>\n<li>Para desarrollar en los adultos una mirada de confianza y respeto hacia el beb\u00e9, sus propios ritmos y capacidades.<\/li>\n<li>Para apoyar a las personas adultas en la construcci\u00f3n de unas herramientas que nos sirvan para acompa\u00f1ar al beb\u00e9 en su crecimiento.<\/li>\n<\/ul>\n<p><strong>Reuniones de adult@s<\/strong>:<\/p>\n<ul>\n<li>Para reflexionar entre adult@s sobre lo sucedido en las sesiones.<\/li>\n<li>Para compartir las experiencias y vivencias de las participantes.<\/li>\n<li>Para apoyar a las familias en el proceso de acompa\u00f1amiento del beb\u00e9.<\/li>\n<\/ul>\n<p>[\/et_pb_accordion_item][et_pb_accordion_item title=&#8221;\u00bfC\u00d3MO LO ORGANIZAMOS?&#8221;]<\/p>\n<p>Las <strong>sesiones familiares<\/strong>: las preparamos previamente, organizando el espacio y ofreciendo materiales adecuados en funci\u00f3n de los miembros que formen cada grupo. En el mismo desarrollo de la sesi\u00f3n tambi\u00e9n <strong>est\u00e1 presente en todo momento una o dos miembros de Zorutik<\/strong>. Sus funciones son: recoger una observaci\u00f3n activa y sistem\u00e1tica, cuidar el ambiente, dar seguridad y orientar a las participantes. Qu\u00e9 hace la persona de referencia del beb\u00e9: lo que proponemos es que realicen una observaci\u00f3n de la actividad libre y espontanea del ni\u00f1@.<\/p>\n<p>Las <strong>reuniones con adult@s: <\/strong>partiremos desde las sesiones anteriores. La intenci\u00f3n es recoger los intereses que las mismas familias tengan y crear un espacio de reflexi\u00f3n.<\/p>\n<p>[\/et_pb_accordion_item][et_pb_accordion_item title=&#8221;\u00bfCU\u00c1NTO TIEMPO?&#8221;]<\/p>\n<p>La duraci\u00f3n del ciclo es de <strong>3 meses<\/strong> e incluye los dos tipos de sesiones (10 sesiones familiares y 2 reuniones). Las participantes decidir\u00e1n si quieren seguir o no en el siguiente ciclo.<\/p>\n<p>[\/et_pb_accordion_item][et_pb_accordion_item title=&#8221;\u00bfC\u00d3MO SON LOS GRUPOS?&#8221;]<\/p>\n<p>Para organizar un grupo hay un <strong>m\u00ednimo de cuatro familias y un m\u00e1ximo de ocho.<\/strong><\/p>\n<p>Intentamos organizar los grupos por etapas evolutivas:<\/p>\n<ul>\n<li>beb\u00e9s que est\u00e1n tumbados boca arriba, giran de costado o\/y giran boca abajo<\/li>\n<li>beb\u00e9s que reptan y\/o gatean<\/li>\n<li>beb\u00e9s que caminan con o sin apoyo<\/li>\n<\/ul>\n<p>[\/et_pb_accordion_item] [\/et_pb_accordion][\/et_pb_column][\/et_pb_row][\/et_pb_section][et_pb_section admin_label=&#8221;section&#8221; fullwidth=&#8221;off&#8221; specialty=&#8221;off&#8221; inner_shadow=&#8221;off&#8221; parallax=&#8221;off&#8221;][et_pb_row admin_label=&#8221;row&#8221;][et_pb_column type=&#8221;1_4&#8243;][et_pb_blurb admin_label=&#8221;Blurb&#8221; title=&#8221;Lorem Ipsum&#8221; url_new_window=&#8221;off&#8221; animation=&#8221;top&#8221; background_layout=&#8221;light&#8221; text_orientation=&#8221;center&#8221; use_icon=&#8221;on&#8221; font_icon=&#8221;h&#8221; icon_color=&#8221;#a8a8a8&#8243; use_circle=&#8221;on&#8221; circle_color=&#8221;#ffffff&#8221; use_circle_border=&#8221;on&#8221; circle_border_color=&#8221;#e0e0e0&#8243; icon_placement=&#8221;top&#8221;]<\/p>\n<p>Divi will change the way you build websites forever. The advanced page builder makes it possible to build truly dynamic pages without learning code.<\/p>\n<p>[\/et_pb_blurb][\/et_pb_column][et_pb_column type=&#8221;1_4&#8243;][et_pb_blurb admin_label=&#8221;Blurb&#8221; title=&#8221;Lorem Ipsum&#8221; url_new_window=&#8221;off&#8221; animation=&#8221;top&#8221; background_layout=&#8221;light&#8221; text_orientation=&#8221;center&#8221; use_icon=&#8221;on&#8221; font_icon=&#8221;\ue01d&#8221; icon_color=&#8221;#a8a8a8&#8243; use_circle=&#8221;on&#8221; circle_color=&#8221;#ffffff&#8221; use_circle_border=&#8221;on&#8221; circle_border_color=&#8221;#e0e0e0&#8243; icon_placement=&#8221;top&#8221;]<\/p>\n<p>Divi will change the way you build websites forever. The advanced page builder makes it possible to build truly dynamic pages without learning code.<\/p>\n<p>[\/et_pb_blurb][\/et_pb_column][et_pb_column type=&#8221;1_4&#8243;][et_pb_blurb admin_label=&#8221;Blurb&#8221; title=&#8221;Lorem Ipsum&#8221; url_new_window=&#8221;off&#8221; animation=&#8221;top&#8221; background_layout=&#8221;light&#8221; text_orientation=&#8221;center&#8221; use_icon=&#8221;on&#8221; font_icon=&#8221;v&#8221; icon_color=&#8221;#a8a8a8&#8243; use_circle=&#8221;on&#8221; circle_color=&#8221;#ffffff&#8221; use_circle_border=&#8221;on&#8221; circle_border_color=&#8221;#e0e0e0&#8243; icon_placement=&#8221;top&#8221;]<\/p>\n<p>Divi will change the way you build websites forever. The advanced page builder makes it possible to build truly dynamic pages without learning code.<\/p>\n<p>[\/et_pb_blurb][\/et_pb_column][et_pb_column type=&#8221;1_4&#8243;][et_pb_blurb admin_label=&#8221;Blurb&#8221; title=&#8221;Lorem Ipsum&#8221; url_new_window=&#8221;off&#8221; animation=&#8221;top&#8221; background_layout=&#8221;light&#8221; text_orientation=&#8221;center&#8221; use_icon=&#8221;on&#8221; font_icon=&#8221;g&#8221; icon_color=&#8221;#a8a8a8&#8243; use_circle=&#8221;on&#8221; circle_color=&#8221;#ffffff&#8221; use_circle_border=&#8221;on&#8221; circle_border_color=&#8221;#e0e0e0&#8243; icon_placement=&#8221;top&#8221;]<\/p>\n<p>Divi will change the way you build websites forever. The advanced page builder makes it possible to build truly dynamic pages without learning code.<\/p>\n<p>[\/et_pb_blurb][\/et_pb_column][\/et_pb_row][\/et_pb_section]<\/p>\n","protected":false},"excerpt":{"rendered":"<p>Nuestra principal actividad son los grupos de juego y observaci\u00f3n. La idea de estos grupos la conocimos en el instituto Pikler-Loczy de Budapest. Esta entidad realiza la continuaci\u00f3n y difusi\u00f3n que comenz\u00f3 la pediatra Emmi Pikler en el antiguo orfanato Loczy el cual ella dirig\u00eda. Las aportaciones de estos trabajos se centran sobre todo en [&hellip;]<\/p>\n","protected":false},"author":1,"featured_media":0,"parent":0,"menu_order":0,"comment_status":"closed","ping_status":"closed","template":"","meta":{"_et_pb_use_builder":"on","_et_pb_old_content":"","_et_gb_content_width":"","footnotes":""},"class_list":["post-233","page","type-page","status-publish","hentry"],"yoast_head":"<!-- This site is optimized with the Yoast SEO plugin v27.0 - https:\/\/yoast.com\/product\/yoast-seo-wordpress\/ -->\n<title>QUE HACEMOSSSS - Zorutik<\/title>\n<meta name=\"robots\" content=\"index, follow, max-snippet:-1, max-image-preview:large, max-video-preview:-1\" \/>\n<link rel=\"canonical\" href=\"https:\/\/www.zorutik.eus\/index.php\/que-hacemossss\/\" \/>\n<meta property=\"og:locale\" content=\"en_US\" \/>\n<meta property=\"og:type\" content=\"article\" \/>\n<meta property=\"og:title\" content=\"QUE HACEMOSSSS - Zorutik\" \/>\n<meta property=\"og:description\" content=\"Nuestra principal actividad son los grupos de juego y observaci\u00f3n. La idea de estos grupos la conocimos en el instituto Pikler-Loczy de Budapest. Esta entidad realiza la continuaci\u00f3n y difusi\u00f3n que comenz\u00f3 la pediatra Emmi Pikler en el antiguo orfanato Loczy el cual ella dirig\u00eda. Las aportaciones de estos trabajos se centran sobre todo en [&hellip;]\" \/>\n<meta property=\"og:url\" content=\"https:\/\/www.zorutik.eus\/index.php\/que-hacemossss\/\" \/>\n<meta property=\"og:site_name\" content=\"Zorutik\" \/>\n<meta property=\"article:publisher\" content=\"https:\/\/www.facebook.com\/people\/Zorutik\/100057567754537\/\" \/>\n<meta name=\"twitter:card\" content=\"summary_large_image\" \/>\n<meta name=\"twitter:label1\" content=\"Est. reading time\" \/>\n\t<meta name=\"twitter:data1\" content=\"7 minutua\" \/>\n<script type=\"application\/ld+json\" class=\"yoast-schema-graph\">{\"@context\":\"https:\/\/schema.org\",\"@graph\":[{\"@type\":\"WebPage\",\"@id\":\"https:\/\/www.zorutik.eus\/index.php\/que-hacemossss\/\",\"url\":\"https:\/\/www.zorutik.eus\/index.php\/que-hacemossss\/\",\"name\":\"QUE HACEMOSSSS - Zorutik\",\"isPartOf\":{\"@id\":\"https:\/\/www.zorutik.eus\/?lang=es\/#website\"},\"datePublished\":\"2016-12-08T14:59:34+00:00\",\"breadcrumb\":{\"@id\":\"https:\/\/www.zorutik.eus\/index.php\/que-hacemossss\/#breadcrumb\"},\"inLanguage\":\"eu\",\"potentialAction\":[{\"@type\":\"ReadAction\",\"target\":[\"https:\/\/www.zorutik.eus\/index.php\/que-hacemossss\/\"]}]},{\"@type\":\"BreadcrumbList\",\"@id\":\"https:\/\/www.zorutik.eus\/index.php\/que-hacemossss\/#breadcrumb\",\"itemListElement\":[{\"@type\":\"ListItem\",\"position\":1,\"name\":\"Home\",\"item\":\"https:\/\/www.zorutik.eus\/\"},{\"@type\":\"ListItem\",\"position\":2,\"name\":\"QUE HACEMOSSSS\"}]},{\"@type\":\"WebSite\",\"@id\":\"https:\/\/www.zorutik.eus\/?lang=es\/#website\",\"url\":\"https:\/\/www.zorutik.eus\/?lang=es\/\",\"name\":\"Zorutik\",\"description\":\"Espacio para el desarrollo de la autonom\u00eda y los cuidados de la primera infancia. Grupos de juego y observaci\u00f3n.\",\"publisher\":{\"@id\":\"https:\/\/www.zorutik.eus\/?lang=es\/#organization\"},\"potentialAction\":[{\"@type\":\"SearchAction\",\"target\":{\"@type\":\"EntryPoint\",\"urlTemplate\":\"https:\/\/www.zorutik.eus\/?lang=es\/?s={search_term_string}\"},\"query-input\":{\"@type\":\"PropertyValueSpecification\",\"valueRequired\":true,\"valueName\":\"search_term_string\"}}],\"inLanguage\":\"eu\"},{\"@type\":\"Organization\",\"@id\":\"https:\/\/www.zorutik.eus\/?lang=es\/#organization\",\"name\":\"Zorutik\",\"url\":\"https:\/\/www.zorutik.eus\/?lang=es\/\",\"logo\":{\"@type\":\"ImageObject\",\"inLanguage\":\"eu\",\"@id\":\"https:\/\/www.zorutik.eus\/?lang=es\/#\/schema\/logo\/image\/\",\"url\":\"https:\/\/www.zorutik.eus\/wp-content\/uploads\/2017\/09\/logozorutik-1.png\",\"contentUrl\":\"https:\/\/www.zorutik.eus\/wp-content\/uploads\/2017\/09\/logozorutik-1.png\",\"width\":836,\"height\":165,\"caption\":\"Zorutik\"},\"image\":{\"@id\":\"https:\/\/www.zorutik.eus\/?lang=es\/#\/schema\/logo\/image\/\"},\"sameAs\":[\"https:\/\/www.facebook.com\/people\/Zorutik\/100057567754537\/\"]}]}<\/script>\n<!-- \/ Yoast SEO plugin. -->","yoast_head_json":{"title":"QUE HACEMOSSSS - Zorutik","robots":{"index":"index","follow":"follow","max-snippet":"max-snippet:-1","max-image-preview":"max-image-preview:large","max-video-preview":"max-video-preview:-1"},"canonical":"https:\/\/www.zorutik.eus\/index.php\/que-hacemossss\/","og_locale":"en_US","og_type":"article","og_title":"QUE HACEMOSSSS - Zorutik","og_description":"Nuestra principal actividad son los grupos de juego y observaci\u00f3n. La idea de estos grupos la conocimos en el instituto Pikler-Loczy de Budapest. Esta entidad realiza la continuaci\u00f3n y difusi\u00f3n que comenz\u00f3 la pediatra Emmi Pikler en el antiguo orfanato Loczy el cual ella dirig\u00eda. Las aportaciones de estos trabajos se centran sobre todo en [&hellip;]","og_url":"https:\/\/www.zorutik.eus\/index.php\/que-hacemossss\/","og_site_name":"Zorutik","article_publisher":"https:\/\/www.facebook.com\/people\/Zorutik\/100057567754537\/","twitter_card":"summary_large_image","twitter_misc":{"Est. reading time":"7 minutua"},"schema":{"@context":"https:\/\/schema.org","@graph":[{"@type":"WebPage","@id":"https:\/\/www.zorutik.eus\/index.php\/que-hacemossss\/","url":"https:\/\/www.zorutik.eus\/index.php\/que-hacemossss\/","name":"QUE HACEMOSSSS - Zorutik","isPartOf":{"@id":"https:\/\/www.zorutik.eus\/?lang=es\/#website"},"datePublished":"2016-12-08T14:59:34+00:00","breadcrumb":{"@id":"https:\/\/www.zorutik.eus\/index.php\/que-hacemossss\/#breadcrumb"},"inLanguage":"eu","potentialAction":[{"@type":"ReadAction","target":["https:\/\/www.zorutik.eus\/index.php\/que-hacemossss\/"]}]},{"@type":"BreadcrumbList","@id":"https:\/\/www.zorutik.eus\/index.php\/que-hacemossss\/#breadcrumb","itemListElement":[{"@type":"ListItem","position":1,"name":"Home","item":"https:\/\/www.zorutik.eus\/"},{"@type":"ListItem","position":2,"name":"QUE HACEMOSSSS"}]},{"@type":"WebSite","@id":"https:\/\/www.zorutik.eus\/?lang=es\/#website","url":"https:\/\/www.zorutik.eus\/?lang=es\/","name":"Zorutik","description":"Espacio para el desarrollo de la autonom\u00eda y los cuidados de la primera infancia. Grupos de juego y observaci\u00f3n.","publisher":{"@id":"https:\/\/www.zorutik.eus\/?lang=es\/#organization"},"potentialAction":[{"@type":"SearchAction","target":{"@type":"EntryPoint","urlTemplate":"https:\/\/www.zorutik.eus\/?lang=es\/?s={search_term_string}"},"query-input":{"@type":"PropertyValueSpecification","valueRequired":true,"valueName":"search_term_string"}}],"inLanguage":"eu"},{"@type":"Organization","@id":"https:\/\/www.zorutik.eus\/?lang=es\/#organization","name":"Zorutik","url":"https:\/\/www.zorutik.eus\/?lang=es\/","logo":{"@type":"ImageObject","inLanguage":"eu","@id":"https:\/\/www.zorutik.eus\/?lang=es\/#\/schema\/logo\/image\/","url":"https:\/\/www.zorutik.eus\/wp-content\/uploads\/2017\/09\/logozorutik-1.png","contentUrl":"https:\/\/www.zorutik.eus\/wp-content\/uploads\/2017\/09\/logozorutik-1.png","width":836,"height":165,"caption":"Zorutik"},"image":{"@id":"https:\/\/www.zorutik.eus\/?lang=es\/#\/schema\/logo\/image\/"},"sameAs":["https:\/\/www.facebook.com\/people\/Zorutik\/100057567754537\/"]}]}},"_links":{"self":[{"href":"https:\/\/www.zorutik.eus\/index.php\/wp-json\/wp\/v2\/pages\/233","targetHints":{"allow":["GET"]}}],"collection":[{"href":"https:\/\/www.zorutik.eus\/index.php\/wp-json\/wp\/v2\/pages"}],"about":[{"href":"https:\/\/www.zorutik.eus\/index.php\/wp-json\/wp\/v2\/types\/page"}],"author":[{"embeddable":true,"href":"https:\/\/www.zorutik.eus\/index.php\/wp-json\/wp\/v2\/users\/1"}],"replies":[{"embeddable":true,"href":"https:\/\/www.zorutik.eus\/index.php\/wp-json\/wp\/v2\/comments?post=233"}],"version-history":[{"count":1,"href":"https:\/\/www.zorutik.eus\/index.php\/wp-json\/wp\/v2\/pages\/233\/revisions"}],"predecessor-version":[{"id":234,"href":"https:\/\/www.zorutik.eus\/index.php\/wp-json\/wp\/v2\/pages\/233\/revisions\/234"}],"wp:attachment":[{"href":"https:\/\/www.zorutik.eus\/index.php\/wp-json\/wp\/v2\/media?parent=233"}],"curies":[{"name":"wp","href":"https:\/\/api.w.org\/{rel}","templated":true}]}}