{"id":438,"date":"2016-12-22T17:53:29","date_gmt":"2016-12-22T17:53:29","guid":{"rendered":"http:\/\/www.zorutik.eus\/?page_id=438"},"modified":"2024-06-20T16:42:31","modified_gmt":"2024-06-20T16:42:31","slug":"grupos-juego-observacion-2","status":"publish","type":"page","link":"https:\/\/www.zorutik.eus\/index.php\/grupos-juego-observacion-2\/","title":{"rendered":"GRUPOS DE JUEGO Y OBSERVACION"},"content":{"rendered":"<p>[et_pb_section fb_built=&#8221;1&#8243; inner_shadow=&#8221;on&#8221; fullwidth=&#8221;on&#8221; custom_padding_last_edited=&#8221;on|desktop&#8221; admin_label=&#8221;section&#8221; _builder_version=&#8221;4.16&#8243; background_color=&#8221;#f7f7f7&#8243; custom_padding_tablet=&#8221;50px|0|50px|0&#8243; custom_padding_phone=&#8221;50px|0|50px|0&#8243; transparent_background=&#8221;off&#8221; padding_mobile=&#8221;off&#8221; make_fullwidth=&#8221;off&#8221; use_custom_width=&#8221;off&#8221; width_unit=&#8221;off&#8221; custom_width_px=&#8221;1080px&#8221; custom_width_percent=&#8221;80%&#8221; global_colors_info=&#8221;{}&#8221;][et_pb_fullwidth_header title=&#8221;GRUPOS DE JUEGO Y OBSERVACI\u00d3N&#8221; text_orientation=&#8221;center&#8221; content_max_width=&#8221;none&#8221; admin_label=&#8221;Fullwidth Header&#8221; _builder_version=&#8221;4.16&#8243; background_color=&#8221;rgba(255, 255, 255, 0)&#8221; background_layout=&#8221;light&#8221; button_one_letter_spacing_hover=&#8221;0&#8243; button_two_letter_spacing_hover=&#8221;0&#8243; global_colors_info=&#8221;{}&#8221; button_one_text_size__hover_enabled=&#8221;off&#8221; button_two_text_size__hover_enabled=&#8221;off&#8221; button_one_text_color__hover_enabled=&#8221;off&#8221; button_two_text_color__hover_enabled=&#8221;off&#8221; button_one_border_width__hover_enabled=&#8221;off&#8221; button_two_border_width__hover_enabled=&#8221;off&#8221; button_one_border_color__hover_enabled=&#8221;off&#8221; button_two_border_color__hover_enabled=&#8221;off&#8221; button_one_border_radius__hover_enabled=&#8221;off&#8221; button_two_border_radius__hover_enabled=&#8221;off&#8221; button_one_letter_spacing__hover_enabled=&#8221;on&#8221; button_one_letter_spacing__hover=&#8221;0&#8243; button_two_letter_spacing__hover_enabled=&#8221;on&#8221; button_two_letter_spacing__hover=&#8221;0&#8243; button_one_bg_color__hover_enabled=&#8221;off&#8221; button_two_bg_color__hover_enabled=&#8221;off&#8221;]Nuestra principal actividad son los <strong>grupos de juego y observaci\u00f3n<\/strong>. La idea de estos grupos la conocimos en el instituto Pikler-Loczy de Budapest. Esta entidad realiza la continuaci\u00f3n y difusi\u00f3n que comenz\u00f3 la pediatra Emmi Pikler en el antiguo orfanato Loczy el cual ella dirig\u00eda. Las aportaciones de estos trabajos se centran sobre todo en la primera infancia, y tienen una gran repercusi\u00f3n en diferentes partes del mundo, desarroll\u00e1ndose experiencias similares en cada vez m\u00e1s pa\u00edses.<br \/>\n[\/et_pb_fullwidth_header][\/et_pb_section][et_pb_section fb_built=&#8221;1&#8243; custom_padding_last_edited=&#8221;on|desktop&#8221; admin_label=&#8221;Secci\u00f3n&#8221; _builder_version=&#8221;4.16&#8243; custom_padding_tablet=&#8221;50px|0|50px|0&#8243; custom_padding_phone=&#8221;50px|0|50px|0&#8243; transparent_background=&#8221;off&#8221; padding_mobile=&#8221;off&#8221; make_fullwidth=&#8221;off&#8221; use_custom_width=&#8221;off&#8221; width_unit=&#8221;off&#8221; custom_width_px=&#8221;1080px&#8221; custom_width_percent=&#8221;80%&#8221; global_colors_info=&#8221;{}&#8221;][et_pb_row column_structure=&#8221;1_2,1_2&#8243; padding_mobile=&#8221;off&#8221; column_padding_mobile=&#8221;on&#8221; admin_label=&#8221;Fila&#8221; _builder_version=&#8221;4.16&#8243; background_size=&#8221;initial&#8221; background_position=&#8221;top_left&#8221; background_repeat=&#8221;repeat&#8221; make_fullwidth=&#8221;off&#8221; use_custom_width=&#8221;off&#8221; width_unit=&#8221;on&#8221; custom_width_px=&#8221;1080px&#8221; custom_width_percent=&#8221;80%&#8221; global_colors_info=&#8221;{}&#8221;][et_pb_column type=&#8221;1_2&#8243; _builder_version=&#8221;4.16&#8243; custom_padding=&#8221;|||&#8221; global_colors_info=&#8221;{}&#8221; custom_padding__hover=&#8221;|||&#8221;][et_pb_text admin_label=&#8221;Texto&#8221; _builder_version=&#8221;4.16&#8243; text_text_color=&#8221;#000000&#8243; background_size=&#8221;initial&#8221; background_position=&#8221;top_left&#8221; background_repeat=&#8221;repeat&#8221; use_border_color=&#8221;off&#8221; border_style=&#8221;solid&#8221; global_colors_info=&#8221;{}&#8221;]<\/p>\n<p style=\"text-align: justify;\">Despu\u00e9s de conocer algunas de ellas, hemos elaborado nuestra propia propuesta. <u>Los grupos de juego y observaci\u00f3n<\/u><u> se componen de dos tipos de sesiones<\/u>:<\/p>\n<ul>\n<li>El primer tipo son <strong>sesiones familiares <\/strong>de <strong>una hora a la semana<\/strong>, donde el espacio est\u00e1 preparado para que los ni\u00f1@s jueguen de forma aut\u00f3noma bajo la atenta mirada del adulto. El espacio tiene las condiciones necesarias para el desarrollo innato de los beb\u00e9s. A las sesiones acude un adulto por familia, siendo su funci\u00f3n observar la actividad y capacidades de l@s ni\u00f1@s.<\/li>\n<\/ul>\n<p style=\"text-align: justify;\">El segundo tipo de sesiones son <strong>reuniones para la formaci\u00f3n y reflexi\u00f3n <\/strong>con las familias participantes. Durante el ciclo se realizan dos reuniones de <strong>dos horas<\/strong> de duraci\u00f3n. Para las nuevas familias realizamos adem\u00e1s una primera reuni\u00f3n.<\/p>\n<p>[\/et_pb_text][\/et_pb_column][et_pb_column type=&#8221;1_2&#8243; _builder_version=&#8221;4.16&#8243; custom_padding=&#8221;|||&#8221; global_colors_info=&#8221;{}&#8221; custom_padding__hover=&#8221;|||&#8221;][et_pb_image src=&#8221;https:\/\/www.zorutik.eus\/wp-content\/uploads\/2016\/12\/portada.png&#8221; show_bottom_space=&#8221;off&#8221; align_tablet=&#8221;center&#8221; align_phone=&#8221;center&#8221; align_last_edited=&#8221;on|desktop&#8221; admin_label=&#8221;Imagen&#8221; _builder_version=&#8221;4.16&#8243; animation_style=&#8221;slide&#8221; animation_direction=&#8221;right&#8221; animation_duration=&#8221;500ms&#8221; animation_intensity_slide=&#8221;10%&#8221; use_border_color=&#8221;off&#8221; border_color=&#8221;#ffffff&#8221; border_width=&#8221;1px&#8221; border_style=&#8221;solid&#8221; animation=&#8221;right&#8221; sticky=&#8221;on&#8221; always_center_on_mobile=&#8221;on&#8221; global_colors_info=&#8221;{}&#8221;] [\/et_pb_image][\/et_pb_column][\/et_pb_row][et_pb_row admin_label=&#8221;Fila&#8221; _builder_version=&#8221;4.16&#8243; background_size=&#8221;initial&#8221; background_position=&#8221;top_left&#8221; background_repeat=&#8221;repeat&#8221; global_colors_info=&#8221;{}&#8221;][et_pb_column type=&#8221;4_4&#8243; _builder_version=&#8221;4.16&#8243; custom_padding=&#8221;|||&#8221; global_colors_info=&#8221;{}&#8221; custom_padding__hover=&#8221;|||&#8221;][et_pb_tabs admin_label=&#8221;Pesta\u00f1as&#8221; _builder_version=&#8221;4.16&#8243; background_size=&#8221;initial&#8221; background_position=&#8221;top_left&#8221; background_repeat=&#8221;repeat&#8221; use_border_color=&#8221;off&#8221; border_color=&#8221;#ffffff&#8221; border_style=&#8221;solid&#8221; global_colors_info=&#8221;{}&#8221;][et_pb_tab title=&#8221;\u00bfPARA QU\u00c9?&#8221; _builder_version=&#8221;4.16&#8243; body_font=&#8221;||||&#8221; body_line_height=&#8221;2em&#8221; tab_font=&#8221;||||&#8221; tab_line_height=&#8221;2em&#8221; background_size=&#8221;initial&#8221; background_position=&#8221;top_left&#8221; background_repeat=&#8221;repeat&#8221; body_line_height_tablet=&#8221;2em&#8221; body_line_height_phone=&#8221;2em&#8221; tab_line_height_tablet=&#8221;2em&#8221; tab_line_height_phone=&#8221;2em&#8221; global_colors_info=&#8221;{}&#8221;]<strong>Sesiones familiares<\/strong><\/p>\n<ul>\n<li>Para que los beb\u00e9s desarrollen su actividad aut\u00f3nomamente sin la intervenci\u00f3n directa de los adultos mediante un espacio seguro y de confianza.<\/li>\n<li>Para posibilitar un espacio donde los beb\u00e9s tengan las condiciones necesarias para desarrollar sus propias capacidades.<\/li>\n<li>Para desarrollar en los adultos una mirada de confianza y respeto hacia el beb\u00e9, sus propios ritmos y capacidades.<\/li>\n<li>Para apoyar a las personas adultas en la construcci\u00f3n de unas herramientas que nos sirvan para acompa\u00f1ar al beb\u00e9 en su crecimiento.<\/li>\n<\/ul>\n<p><strong>Reuniones de adult@s<\/strong>:<\/p>\n<ul>\n<li>Para reflexionar entre adult@s sobre lo sucedido en las sesiones.<\/li>\n<li>Para compartir las experiencias y vivencias de las participantes.<\/li>\n<li>Para apoyar a las familias en el proceso de acompa\u00f1amiento del beb\u00e9.<\/li>\n<\/ul>\n<p>[\/et_pb_tab][et_pb_tab title=&#8221;\u00bfC\u00d3MO LO ORGANIZAMOS?&#8221; _builder_version=&#8221;4.16&#8243; body_font=&#8221;||||&#8221; body_line_height=&#8221;2em&#8221; tab_font=&#8221;||||&#8221; tab_line_height=&#8221;2em&#8221; background_size=&#8221;initial&#8221; background_position=&#8221;top_left&#8221; background_repeat=&#8221;repeat&#8221; body_line_height_tablet=&#8221;2em&#8221; body_line_height_phone=&#8221;2em&#8221; tab_line_height_tablet=&#8221;2em&#8221; tab_line_height_phone=&#8221;2em&#8221; global_colors_info=&#8221;{}&#8221;]Las <strong>sesiones familiares<\/strong>: las preparamos previamente, organizando el espacio y ofreciendo materiales adecuados en funci\u00f3n de los miembros que formen cada grupo. En el mismo desarrollo de la sesi\u00f3n tambi\u00e9n <strong>est\u00e1 presente en todo momento una o dos miembros de Zorutik<\/strong>. Sus funciones son: recoger una observaci\u00f3n activa y sistem\u00e1tica, cuidar el ambiente, dar seguridad y orientar a las participantes. Qu\u00e9 hace la persona de referencia del beb\u00e9: lo que proponemos es que realicen una observaci\u00f3n de la actividad libre y espontanea del ni\u00f1@.<\/p>\n<p>Las <strong>reuniones con adult@s: <\/strong>partiremos desde las sesiones anteriores. La intenci\u00f3n es recoger los intereses que las mismas familias tengan y crear un espacio de reflexi\u00f3n.<br \/>\n[\/et_pb_tab][et_pb_tab title=&#8221;\u00bfCU\u00c1NTO TIEMPO?&#8221; _builder_version=&#8221;4.16&#8243; body_font=&#8221;||||&#8221; body_line_height=&#8221;2em&#8221; tab_font=&#8221;||||&#8221; tab_line_height=&#8221;2em&#8221; background_size=&#8221;initial&#8221; background_position=&#8221;top_left&#8221; background_repeat=&#8221;repeat&#8221; body_line_height_tablet=&#8221;2em&#8221; body_line_height_phone=&#8221;2em&#8221; tab_line_height_tablet=&#8221;2em&#8221; tab_line_height_phone=&#8221;2em&#8221; global_colors_info=&#8221;{}&#8221;]La duraci\u00f3n del ciclo es de <strong>3 meses<\/strong> e incluye los dos tipos de sesiones (10 sesiones familiares y 2 reuniones). Las participantes decidir\u00e1n si quieren seguir o no en el siguiente ciclo.<br \/>\n[\/et_pb_tab][et_pb_tab title=&#8221;\u00bfC\u00d3MO SON LOS GRUPOS?&#8221; _builder_version=&#8221;4.16&#8243; body_font=&#8221;||||&#8221; body_line_height=&#8221;2em&#8221; tab_font=&#8221;||||&#8221; tab_line_height=&#8221;2em&#8221; background_size=&#8221;initial&#8221; background_position=&#8221;top_left&#8221; background_repeat=&#8221;repeat&#8221; body_line_height_tablet=&#8221;2em&#8221; body_line_height_phone=&#8221;2em&#8221; tab_line_height_tablet=&#8221;2em&#8221; tab_line_height_phone=&#8221;2em&#8221; global_colors_info=&#8221;{}&#8221;]Para organizar un grupo hay un <strong>m\u00ednimo de cuatro familias y un m\u00e1ximo de ocho.<\/strong><\/p>\n<p>Intentamos organizar los grupos por etapas evolutivas:<\/p>\n<ul>\n<li>beb\u00e9s que est\u00e1n tumbados boca arriba, giran de costado o\/y giran boca abajo<\/li>\n<li>beb\u00e9s que reptan y\/o gatean<\/li>\n<li>beb\u00e9s que caminan con o sin apoyo<\/li>\n<\/ul>\n<p>(dependiendo de las familias interesadas, el grupo puede ser mixto).<br \/>\n[\/et_pb_tab][et_pb_tab title=&#8221;\u00bfD\u00d3NDE ESTAMOS?&#8221; _builder_version=&#8221;4.16&#8243; body_font=&#8221;||||&#8221; body_line_height=&#8221;2em&#8221; tab_font=&#8221;||||&#8221; tab_line_height=&#8221;2em&#8221; background_size=&#8221;initial&#8221; background_position=&#8221;top_left&#8221; background_repeat=&#8221;repeat&#8221; body_line_height_tablet=&#8221;2em&#8221; body_line_height_phone=&#8221;2em&#8221; tab_line_height_tablet=&#8221;2em&#8221; tab_line_height_phone=&#8221;2em&#8221; global_colors_info=&#8221;{}&#8221;]Nuestro proyecto es n\u00f3mada, nos movemos de un lugar a otro.<\/p>\n<p>De momento la actividad principal la realizamos en el centro ZUTIK.<em>\u00a0<\/em>Los grupos que ofrecemos aqu\u00ed son:<\/p>\n<ul>\n<li>Lunes 17:30-18:30<\/li>\n<li>Jueves 11:00-12:00<\/li>\n<li>Jueves 16:00-17:00<\/li>\n<li>Jueves 17:30-18:30<\/li>\n<\/ul>\n<p>Si te interesa organizar alguna de nuestras actividades en tu pueblo o en otro centro ponte en contacto con nosotras.<br \/>\n[\/et_pb_tab][\/et_pb_tabs][\/et_pb_column][\/et_pb_row][et_pb_row _builder_version=&#8221;4.24.0&#8243; _module_preset=&#8221;default&#8221; global_colors_info=&#8221;{}&#8221;][et_pb_column type=&#8221;4_4&#8243; _builder_version=&#8221;4.24.0&#8243; _module_preset=&#8221;default&#8221; global_colors_info=&#8221;{}&#8221;][et_pb_text _builder_version=&#8221;4.24.0&#8243; _module_preset=&#8221;default&#8221; global_colors_info=&#8221;{}&#8221;]<\/p>\n<h4><strong>\u00bfD\u00d3NDE ESTAMOS?<\/strong> Zutik Zentroa: <a href=\"https:\/\/www.google.es\/maps\/place\/Zutik+Zentroa+-+Zutik+Formaci%C3%B3n\/@43.2574998,-2.935725,17z\/data=!3m1!4b1!4m5!3m4!1s0xd4e4fd4174e1865:0x8dbd96f9660ab678!8m2!3d43.2574998!4d-2.9335363\" target=\"_blank\" rel=\"noopener noreferrer\">Hurtado Amezaga 27, 2., Bilbo<\/a><\/h4>\n<p>[\/et_pb_text][\/et_pb_column][\/et_pb_row][et_pb_row _builder_version=&#8221;4.24.0&#8243; _module_preset=&#8221;default&#8221; global_colors_info=&#8221;{}&#8221;][et_pb_column type=&#8221;4_4&#8243; _builder_version=&#8221;4.24.0&#8243; _module_preset=&#8221;default&#8221; global_colors_info=&#8221;{}&#8221;][et_pb_text _builder_version=&#8221;4.24.0&#8243; _module_preset=&#8221;default&#8221; global_colors_info=&#8221;{}&#8221;]<\/p>\n<h4><strong>\u00bfCU\u00c1NDO SON LAS INSCRIPCIONES?<\/strong><\/h4>\n<p>[\/et_pb_text][\/et_pb_column][\/et_pb_row][et_pb_row admin_label=&#8221;Fila&#8221; _builder_version=&#8221;4.16&#8243; background_size=&#8221;initial&#8221; background_position=&#8221;top_left&#8221; background_repeat=&#8221;repeat&#8221; global_colors_info=&#8221;{}&#8221;][et_pb_column type=&#8221;4_4&#8243; _builder_version=&#8221;4.16&#8243; custom_padding=&#8221;|||&#8221; global_colors_info=&#8221;{}&#8221; custom_padding__hover=&#8221;|||&#8221;][et_pb_tabs admin_label=&#8221;Pesta\u00f1as&#8221; _builder_version=&#8221;4.24.0&#8243; background_size=&#8221;initial&#8221; background_position=&#8221;top_left&#8221; background_repeat=&#8221;repeat&#8221; use_border_color=&#8221;off&#8221; border_color=&#8221;#ffffff&#8221; border_style=&#8221;solid&#8221; global_colors_info=&#8221;{}&#8221;][et_pb_tab title=&#8221;SEPTIEMBRE&#8221; _builder_version=&#8221;4.24.0&#8243; body_font=&#8221;||||&#8221; body_line_height=&#8221;2em&#8221; tab_font=&#8221;||||&#8221; tab_line_height=&#8221;2em&#8221; background_size=&#8221;initial&#8221; background_position=&#8221;top_left&#8221; background_repeat=&#8221;repeat&#8221; body_line_height_tablet=&#8221;2em&#8221; body_line_height_phone=&#8221;2em&#8221; tab_line_height_tablet=&#8221;2em&#8221; tab_line_height_phone=&#8221;2em&#8221; global_colors_info=&#8221;{}&#8221;]Ciclo Octubre-Noviembre-Diciembre.[\/et_pb_tab][et_pb_tab title=&#8221;DICIEMBRE&#8221; _builder_version=&#8221;4.24.0&#8243; body_font=&#8221;||||&#8221; body_line_height=&#8221;2em&#8221; tab_font=&#8221;||||&#8221; tab_line_height=&#8221;2em&#8221; background_size=&#8221;initial&#8221; background_position=&#8221;top_left&#8221; background_repeat=&#8221;repeat&#8221; body_line_height_tablet=&#8221;2em&#8221; body_line_height_phone=&#8221;2em&#8221; tab_line_height_tablet=&#8221;2em&#8221; tab_line_height_phone=&#8221;2em&#8221; global_colors_info=&#8221;{}&#8221;]Ciclo Enero-Febrero-Marzo.[\/et_pb_tab][et_pb_tab title=&#8221;MARZO&#8221; _builder_version=&#8221;4.24.0&#8243; body_font=&#8221;||||&#8221; body_line_height=&#8221;2em&#8221; tab_font=&#8221;||||&#8221; tab_line_height=&#8221;2em&#8221; background_size=&#8221;initial&#8221; background_position=&#8221;top_left&#8221; background_repeat=&#8221;repeat&#8221; body_line_height_tablet=&#8221;2em&#8221; body_line_height_phone=&#8221;2em&#8221; tab_line_height_tablet=&#8221;2em&#8221; tab_line_height_phone=&#8221;2em&#8221; global_colors_info=&#8221;{}&#8221;]Ciclo Abril-Mayo-Junio.[\/et_pb_tab][\/et_pb_tabs][\/et_pb_column][\/et_pb_row][\/et_pb_section][et_pb_section fb_built=&#8221;1&#8243; _builder_version=&#8221;4.24.0&#8243; _module_preset=&#8221;default&#8221; global_colors_info=&#8221;{}&#8221;][et_pb_row _builder_version=&#8221;4.24.0&#8243; _module_preset=&#8221;default&#8221; global_colors_info=&#8221;{}&#8221;][et_pb_column type=&#8221;4_4&#8243; _builder_version=&#8221;4.24.0&#8243; _module_preset=&#8221;default&#8221; global_colors_info=&#8221;{}&#8221;][et_pb_text _builder_version=&#8221;4.24.0&#8243; _module_preset=&#8221;default&#8221; global_colors_info=&#8221;{}&#8221;]<\/p>\n<h2 style=\"text-align: center;\"><span style=\"color: #ff9900;\"><strong>PARA M\u00c1S INFORMACI\u00d3N:<\/strong><\/span><\/h2>\n<p>[\/et_pb_text][et_pb_button button_text=&#8221;zorutikgunea@gmail.com  \/  622.348.129&#8243; button_alignment=&#8221;center&#8221; admin_label=&#8221;Button&#8221; _builder_version=&#8221;4.24.0&#8243; _module_preset=&#8221;default&#8221; global_colors_info=&#8221;{}&#8221;][\/et_pb_button][\/et_pb_column][\/et_pb_row][\/et_pb_section]<\/p>\n","protected":false},"excerpt":{"rendered":"<p>Nuestra principal actividad son los grupos de juego y observaci\u00f3n. La idea de estos grupos la conocimos en el instituto Pikler-Loczy de Budapest. Esta entidad realiza la continuaci\u00f3n y difusi\u00f3n que comenz\u00f3 la pediatra Emmi Pikler en el antiguo orfanato Loczy el cual ella dirig\u00eda. Las aportaciones de estos trabajos se centran sobre todo en [&hellip;]<\/p>\n","protected":false},"author":1,"featured_media":0,"parent":0,"menu_order":0,"comment_status":"closed","ping_status":"closed","template":"","meta":{"_et_pb_use_builder":"on","_et_pb_old_content":"","_et_gb_content_width":"","footnotes":""},"class_list":["post-438","page","type-page","status-publish","hentry"],"yoast_head":"<!-- This site is optimized with the Yoast SEO plugin v27.0 - https:\/\/yoast.com\/product\/yoast-seo-wordpress\/ -->\n<title>GRUPOS DE JUEGO Y OBSERVACION - Zorutik<\/title>\n<meta name=\"robots\" content=\"index, follow, max-snippet:-1, max-image-preview:large, max-video-preview:-1\" \/>\n<link rel=\"canonical\" href=\"https:\/\/www.zorutik.eus\/index.php\/grupos-juego-observacion-2\/\" \/>\n<meta property=\"og:locale\" content=\"en_US\" \/>\n<meta property=\"og:type\" content=\"article\" \/>\n<meta property=\"og:title\" content=\"GRUPOS DE JUEGO Y OBSERVACION - Zorutik\" \/>\n<meta property=\"og:description\" content=\"Nuestra principal actividad son los grupos de juego y observaci\u00f3n. La idea de estos grupos la conocimos en el instituto Pikler-Loczy de Budapest. Esta entidad realiza la continuaci\u00f3n y difusi\u00f3n que comenz\u00f3 la pediatra Emmi Pikler en el antiguo orfanato Loczy el cual ella dirig\u00eda. Las aportaciones de estos trabajos se centran sobre todo en [&hellip;]\" \/>\n<meta property=\"og:url\" content=\"https:\/\/www.zorutik.eus\/index.php\/grupos-juego-observacion-2\/\" \/>\n<meta property=\"og:site_name\" content=\"Zorutik\" \/>\n<meta property=\"article:publisher\" content=\"https:\/\/www.facebook.com\/people\/Zorutik\/100057567754537\/\" \/>\n<meta property=\"article:modified_time\" content=\"2024-06-20T16:42:31+00:00\" \/>\n<meta name=\"twitter:card\" content=\"summary_large_image\" \/>\n<meta name=\"twitter:label1\" content=\"Est. reading time\" \/>\n\t<meta name=\"twitter:data1\" content=\"4 minutua\" \/>\n<script type=\"application\/ld+json\" class=\"yoast-schema-graph\">{\"@context\":\"https:\/\/schema.org\",\"@graph\":[{\"@type\":\"WebPage\",\"@id\":\"https:\/\/www.zorutik.eus\/index.php\/grupos-juego-observacion-2\/\",\"url\":\"https:\/\/www.zorutik.eus\/index.php\/grupos-juego-observacion-2\/\",\"name\":\"GRUPOS DE JUEGO Y OBSERVACION - Zorutik\",\"isPartOf\":{\"@id\":\"https:\/\/www.zorutik.eus\/?lang=es\/#website\"},\"datePublished\":\"2016-12-22T17:53:29+00:00\",\"dateModified\":\"2024-06-20T16:42:31+00:00\",\"breadcrumb\":{\"@id\":\"https:\/\/www.zorutik.eus\/index.php\/grupos-juego-observacion-2\/#breadcrumb\"},\"inLanguage\":\"eu\",\"potentialAction\":[{\"@type\":\"ReadAction\",\"target\":[\"https:\/\/www.zorutik.eus\/index.php\/grupos-juego-observacion-2\/\"]}]},{\"@type\":\"BreadcrumbList\",\"@id\":\"https:\/\/www.zorutik.eus\/index.php\/grupos-juego-observacion-2\/#breadcrumb\",\"itemListElement\":[{\"@type\":\"ListItem\",\"position\":1,\"name\":\"Home\",\"item\":\"https:\/\/www.zorutik.eus\/\"},{\"@type\":\"ListItem\",\"position\":2,\"name\":\"GRUPOS DE JUEGO Y OBSERVACION\"}]},{\"@type\":\"WebSite\",\"@id\":\"https:\/\/www.zorutik.eus\/?lang=es\/#website\",\"url\":\"https:\/\/www.zorutik.eus\/?lang=es\/\",\"name\":\"Zorutik\",\"description\":\"Espacio para el desarrollo de la autonom\u00eda y los cuidados de la primera infancia. Grupos de juego y observaci\u00f3n.\",\"publisher\":{\"@id\":\"https:\/\/www.zorutik.eus\/?lang=es\/#organization\"},\"potentialAction\":[{\"@type\":\"SearchAction\",\"target\":{\"@type\":\"EntryPoint\",\"urlTemplate\":\"https:\/\/www.zorutik.eus\/?lang=es\/?s={search_term_string}\"},\"query-input\":{\"@type\":\"PropertyValueSpecification\",\"valueRequired\":true,\"valueName\":\"search_term_string\"}}],\"inLanguage\":\"eu\"},{\"@type\":\"Organization\",\"@id\":\"https:\/\/www.zorutik.eus\/?lang=es\/#organization\",\"name\":\"Zorutik\",\"url\":\"https:\/\/www.zorutik.eus\/?lang=es\/\",\"logo\":{\"@type\":\"ImageObject\",\"inLanguage\":\"eu\",\"@id\":\"https:\/\/www.zorutik.eus\/?lang=es\/#\/schema\/logo\/image\/\",\"url\":\"https:\/\/www.zorutik.eus\/wp-content\/uploads\/2017\/09\/logozorutik-1.png\",\"contentUrl\":\"https:\/\/www.zorutik.eus\/wp-content\/uploads\/2017\/09\/logozorutik-1.png\",\"width\":836,\"height\":165,\"caption\":\"Zorutik\"},\"image\":{\"@id\":\"https:\/\/www.zorutik.eus\/?lang=es\/#\/schema\/logo\/image\/\"},\"sameAs\":[\"https:\/\/www.facebook.com\/people\/Zorutik\/100057567754537\/\"]}]}<\/script>\n<!-- \/ Yoast SEO plugin. -->","yoast_head_json":{"title":"GRUPOS DE JUEGO Y OBSERVACION - Zorutik","robots":{"index":"index","follow":"follow","max-snippet":"max-snippet:-1","max-image-preview":"max-image-preview:large","max-video-preview":"max-video-preview:-1"},"canonical":"https:\/\/www.zorutik.eus\/index.php\/grupos-juego-observacion-2\/","og_locale":"en_US","og_type":"article","og_title":"GRUPOS DE JUEGO Y OBSERVACION - Zorutik","og_description":"Nuestra principal actividad son los grupos de juego y observaci\u00f3n. La idea de estos grupos la conocimos en el instituto Pikler-Loczy de Budapest. Esta entidad realiza la continuaci\u00f3n y difusi\u00f3n que comenz\u00f3 la pediatra Emmi Pikler en el antiguo orfanato Loczy el cual ella dirig\u00eda. Las aportaciones de estos trabajos se centran sobre todo en [&hellip;]","og_url":"https:\/\/www.zorutik.eus\/index.php\/grupos-juego-observacion-2\/","og_site_name":"Zorutik","article_publisher":"https:\/\/www.facebook.com\/people\/Zorutik\/100057567754537\/","article_modified_time":"2024-06-20T16:42:31+00:00","twitter_card":"summary_large_image","twitter_misc":{"Est. reading time":"4 minutua"},"schema":{"@context":"https:\/\/schema.org","@graph":[{"@type":"WebPage","@id":"https:\/\/www.zorutik.eus\/index.php\/grupos-juego-observacion-2\/","url":"https:\/\/www.zorutik.eus\/index.php\/grupos-juego-observacion-2\/","name":"GRUPOS DE JUEGO Y OBSERVACION - Zorutik","isPartOf":{"@id":"https:\/\/www.zorutik.eus\/?lang=es\/#website"},"datePublished":"2016-12-22T17:53:29+00:00","dateModified":"2024-06-20T16:42:31+00:00","breadcrumb":{"@id":"https:\/\/www.zorutik.eus\/index.php\/grupos-juego-observacion-2\/#breadcrumb"},"inLanguage":"eu","potentialAction":[{"@type":"ReadAction","target":["https:\/\/www.zorutik.eus\/index.php\/grupos-juego-observacion-2\/"]}]},{"@type":"BreadcrumbList","@id":"https:\/\/www.zorutik.eus\/index.php\/grupos-juego-observacion-2\/#breadcrumb","itemListElement":[{"@type":"ListItem","position":1,"name":"Home","item":"https:\/\/www.zorutik.eus\/"},{"@type":"ListItem","position":2,"name":"GRUPOS DE JUEGO Y OBSERVACION"}]},{"@type":"WebSite","@id":"https:\/\/www.zorutik.eus\/?lang=es\/#website","url":"https:\/\/www.zorutik.eus\/?lang=es\/","name":"Zorutik","description":"Espacio para el desarrollo de la autonom\u00eda y los cuidados de la primera infancia. Grupos de juego y observaci\u00f3n.","publisher":{"@id":"https:\/\/www.zorutik.eus\/?lang=es\/#organization"},"potentialAction":[{"@type":"SearchAction","target":{"@type":"EntryPoint","urlTemplate":"https:\/\/www.zorutik.eus\/?lang=es\/?s={search_term_string}"},"query-input":{"@type":"PropertyValueSpecification","valueRequired":true,"valueName":"search_term_string"}}],"inLanguage":"eu"},{"@type":"Organization","@id":"https:\/\/www.zorutik.eus\/?lang=es\/#organization","name":"Zorutik","url":"https:\/\/www.zorutik.eus\/?lang=es\/","logo":{"@type":"ImageObject","inLanguage":"eu","@id":"https:\/\/www.zorutik.eus\/?lang=es\/#\/schema\/logo\/image\/","url":"https:\/\/www.zorutik.eus\/wp-content\/uploads\/2017\/09\/logozorutik-1.png","contentUrl":"https:\/\/www.zorutik.eus\/wp-content\/uploads\/2017\/09\/logozorutik-1.png","width":836,"height":165,"caption":"Zorutik"},"image":{"@id":"https:\/\/www.zorutik.eus\/?lang=es\/#\/schema\/logo\/image\/"},"sameAs":["https:\/\/www.facebook.com\/people\/Zorutik\/100057567754537\/"]}]}},"_links":{"self":[{"href":"https:\/\/www.zorutik.eus\/index.php\/wp-json\/wp\/v2\/pages\/438","targetHints":{"allow":["GET"]}}],"collection":[{"href":"https:\/\/www.zorutik.eus\/index.php\/wp-json\/wp\/v2\/pages"}],"about":[{"href":"https:\/\/www.zorutik.eus\/index.php\/wp-json\/wp\/v2\/types\/page"}],"author":[{"embeddable":true,"href":"https:\/\/www.zorutik.eus\/index.php\/wp-json\/wp\/v2\/users\/1"}],"replies":[{"embeddable":true,"href":"https:\/\/www.zorutik.eus\/index.php\/wp-json\/wp\/v2\/comments?post=438"}],"version-history":[{"count":6,"href":"https:\/\/www.zorutik.eus\/index.php\/wp-json\/wp\/v2\/pages\/438\/revisions"}],"predecessor-version":[{"id":2334,"href":"https:\/\/www.zorutik.eus\/index.php\/wp-json\/wp\/v2\/pages\/438\/revisions\/2334"}],"wp:attachment":[{"href":"https:\/\/www.zorutik.eus\/index.php\/wp-json\/wp\/v2\/media?parent=438"}],"curies":[{"name":"wp","href":"https:\/\/api.w.org\/{rel}","templated":true}]}}